{"id":57013,"date":"2026-05-07T00:04:48","date_gmt":"2026-05-06T21:04:48","guid":{"rendered":"https:\/\/rezekne.citro.lv\/veikals\/silku-fileja-zigmas-bez-ellas-190g\/"},"modified":"2026-05-16T06:04:02","modified_gmt":"2026-05-16T03:04:02","slug":"silku-fileja-zigmas-bez-ellas-190g","status":"publish","type":"product","link":"https:\/\/rezekne.citro.lv\/ru\/product\/silku-fileja-zigmas-bez-ellas-190g\/","title":{"rendered":"SI\u013b\u0136U FILEJA ZIGMAS BEZ E\u013b\u013b\u0100S 190G"},"content":{"rendered":"<p>Izcelsmes valsts: Lietuva<\/p>\n","protected":false},"excerpt":{"rendered":"<p>9.42 \u20ac\/KG<\/p>\n","protected":false},"featured_media":57073,"template":"","meta":{"_acf_changed":false,"inline_featured_image":false},"product_cat":[135,136],"product_tag":[],"acf":[],"aioseo_notices":[],"_links":{"self":[{"href":"https:\/\/rezekne.citro.lv\/ru\/wp-json\/wp\/v2\/product\/57013"}],"collection":[{"href":"https:\/\/rezekne.citro.lv\/ru\/wp-json\/wp\/v2\/product"}],"about":[{"href":"https:\/\/rezekne.citro.lv\/ru\/wp-json\/wp\/v2\/types\/product"}],"wp:featuredmedia":[{"embeddable":true,"href":"https:\/\/rezekne.citro.lv\/ru\/wp-json\/wp\/v2\/media\/57073"}],"wp:attachment":[{"href":"https:\/\/rezekne.citro.lv\/ru\/wp-json\/wp\/v2\/media?parent=57013"}],"wp:term":[{"taxonomy":"product_cat","embeddable":true,"href":"https:\/\/rezekne.citro.lv\/ru\/wp-json\/wp\/v2\/product_cat?post=57013"},{"taxonomy":"product_tag","embeddable":true,"href":"https:\/\/rezekne.citro.lv\/ru\/wp-json\/wp\/v2\/product_tag?post=57013"}],"curies":[{"name":"wp","href":"https:\/\/api.w.org\/{rel}","templated":true}]}}