{"id":57017,"date":"2026-05-07T00:05:08","date_gmt":"2026-05-06T21:05:08","guid":{"rendered":"https:\/\/rezekne.citro.lv\/veikals\/lasa-fileja-mazsalita-sagr-zigmas-100g\/"},"modified":"2026-05-07T00:05:13","modified_gmt":"2026-05-06T21:05:13","slug":"lasa-fileja-mazsalita-sagr-zigmas-100g","status":"publish","type":"product","link":"https:\/\/rezekne.citro.lv\/ru\/product\/lasa-fileja-mazsalita-sagr-zigmas-100g\/","title":{"rendered":"LA\u0160A FILEJA MAZS\u0100L\u012aTA SAGR. ZIGMAS 100G"},"content":{"rendered":"<p>Izcelsmes valsts: Lietuva<\/p>\n","protected":false},"excerpt":{"rendered":"<p>32.90 \u20ac\/KG<\/p>\n","protected":false},"featured_media":57078,"template":"","meta":{"_acf_changed":false,"inline_featured_image":false},"product_cat":[135,136],"product_tag":[],"acf":[],"aioseo_notices":[],"_links":{"self":[{"href":"https:\/\/rezekne.citro.lv\/ru\/wp-json\/wp\/v2\/product\/57017"}],"collection":[{"href":"https:\/\/rezekne.citro.lv\/ru\/wp-json\/wp\/v2\/product"}],"about":[{"href":"https:\/\/rezekne.citro.lv\/ru\/wp-json\/wp\/v2\/types\/product"}],"wp:featuredmedia":[{"embeddable":true,"href":"https:\/\/rezekne.citro.lv\/ru\/wp-json\/wp\/v2\/media\/57078"}],"wp:attachment":[{"href":"https:\/\/rezekne.citro.lv\/ru\/wp-json\/wp\/v2\/media?parent=57017"}],"wp:term":[{"taxonomy":"product_cat","embeddable":true,"href":"https:\/\/rezekne.citro.lv\/ru\/wp-json\/wp\/v2\/product_cat?post=57017"},{"taxonomy":"product_tag","embeddable":true,"href":"https:\/\/rezekne.citro.lv\/ru\/wp-json\/wp\/v2\/product_tag?post=57017"}],"curies":[{"name":"wp","href":"https:\/\/api.w.org\/{rel}","templated":true}]}}