{"id":57194,"date":"2026-03-26T00:15:38","date_gmt":"2026-03-25T22:15:38","guid":{"rendered":"https:\/\/rezekne.citro.lv\/veikals\/gels-intimai-higienai-bella-hydronatural-300ml\/"},"modified":"2026-03-26T00:15:40","modified_gmt":"2026-03-25T22:15:40","slug":"gels-intimai-higienai-bella-hydronatural-300ml","status":"publish","type":"product","link":"https:\/\/rezekne.citro.lv\/ru\/product\/gels-intimai-higienai-bella-hydronatural-300ml\/","title":{"rendered":"G\u0112LS INT\u012aMAI HIGI\u0112NAI BELLA HYDRONATURAL 300ML"},"content":{"rendered":"","protected":false},"excerpt":{"rendered":"<p>11.97 \u20ac\/L<\/p>\n","protected":false},"featured_media":57218,"template":"","meta":{"_acf_changed":false,"inline_featured_image":false},"product_cat":[127,129],"product_tag":[],"acf":[],"aioseo_notices":[],"_links":{"self":[{"href":"https:\/\/rezekne.citro.lv\/ru\/wp-json\/wp\/v2\/product\/57194"}],"collection":[{"href":"https:\/\/rezekne.citro.lv\/ru\/wp-json\/wp\/v2\/product"}],"about":[{"href":"https:\/\/rezekne.citro.lv\/ru\/wp-json\/wp\/v2\/types\/product"}],"wp:featuredmedia":[{"embeddable":true,"href":"https:\/\/rezekne.citro.lv\/ru\/wp-json\/wp\/v2\/media\/57218"}],"wp:attachment":[{"href":"https:\/\/rezekne.citro.lv\/ru\/wp-json\/wp\/v2\/media?parent=57194"}],"wp:term":[{"taxonomy":"product_cat","embeddable":true,"href":"https:\/\/rezekne.citro.lv\/ru\/wp-json\/wp\/v2\/product_cat?post=57194"},{"taxonomy":"product_tag","embeddable":true,"href":"https:\/\/rezekne.citro.lv\/ru\/wp-json\/wp\/v2\/product_tag?post=57194"}],"curies":[{"name":"wp","href":"https:\/\/api.w.org\/{rel}","templated":true}]}}