{"id":57204,"date":"2026-04-23T00:15:49","date_gmt":"2026-04-22T21:15:49","guid":{"rendered":"https:\/\/rezekne.citro.lv\/veikals\/dusas-zeleja-eva-simply-kremv-ar-zida-peninu-kokv-500ml\/"},"modified":"2026-04-24T12:00:15","modified_gmt":"2026-04-24T09:00:15","slug":"dusas-zeleja-eva-simply-kremv-ar-zida-pieninu-kokv-500ml","status":"publish","type":"product","link":"https:\/\/rezekne.citro.lv\/ru\/product\/dusas-zeleja-eva-simply-kremv-ar-zida-pieninu-kokv-500ml\/","title":{"rendered":"DU\u0160AS \u017dELEJA EVA SIMPLY KR\u0112MV.AR Z\u012aDA PIENI\u0145U, KOKV. 500ML"},"content":{"rendered":"","protected":false},"excerpt":{"rendered":"<p>5.98 \u20ac\/L<\/p>\n","protected":false},"featured_media":57252,"template":"","meta":{"_acf_changed":false,"inline_featured_image":false},"product_cat":[127,129],"product_tag":[],"acf":[],"aioseo_notices":[],"_links":{"self":[{"href":"https:\/\/rezekne.citro.lv\/ru\/wp-json\/wp\/v2\/product\/57204"}],"collection":[{"href":"https:\/\/rezekne.citro.lv\/ru\/wp-json\/wp\/v2\/product"}],"about":[{"href":"https:\/\/rezekne.citro.lv\/ru\/wp-json\/wp\/v2\/types\/product"}],"wp:featuredmedia":[{"embeddable":true,"href":"https:\/\/rezekne.citro.lv\/ru\/wp-json\/wp\/v2\/media\/57252"}],"wp:attachment":[{"href":"https:\/\/rezekne.citro.lv\/ru\/wp-json\/wp\/v2\/media?parent=57204"}],"wp:term":[{"taxonomy":"product_cat","embeddable":true,"href":"https:\/\/rezekne.citro.lv\/ru\/wp-json\/wp\/v2\/product_cat?post=57204"},{"taxonomy":"product_tag","embeddable":true,"href":"https:\/\/rezekne.citro.lv\/ru\/wp-json\/wp\/v2\/product_tag?post=57204"}],"curies":[{"name":"wp","href":"https:\/\/api.w.org\/{rel}","templated":true}]}}