{"id":57214,"date":"2026-03-11T00:02:15","date_gmt":"2026-03-10T22:02:15","guid":{"rendered":"https:\/\/rezekne.citro.lv\/veikals\/ziepes-intimas-bella-control-discreet-ar-dzervenu-ekstraktu-300ml\/"},"modified":"2026-03-11T00:02:16","modified_gmt":"2026-03-10T22:02:16","slug":"ziepes-intimas-bella-control-discreet-ar-dzervenu-ekstraktu-300ml","status":"publish","type":"product","link":"https:\/\/rezekne.citro.lv\/ru\/product\/ziepes-intimas-bella-control-discreet-ar-dzervenu-ekstraktu-300ml\/","title":{"rendered":"ZIEPES INT\u012aM\u0100S BELLA CONTROL DISCREET AR DZ\u0112RVE\u0145U EKSTRAKTU 300ML"},"content":{"rendered":"","protected":false},"excerpt":{"rendered":"<p>11.97 \u20ac\/KG<\/p>\n","protected":false},"featured_media":57217,"template":"","meta":{"_acf_changed":false,"inline_featured_image":false},"product_cat":[127,129],"product_tag":[],"acf":[],"aioseo_notices":[],"_links":{"self":[{"href":"https:\/\/rezekne.citro.lv\/ru\/wp-json\/wp\/v2\/product\/57214"}],"collection":[{"href":"https:\/\/rezekne.citro.lv\/ru\/wp-json\/wp\/v2\/product"}],"about":[{"href":"https:\/\/rezekne.citro.lv\/ru\/wp-json\/wp\/v2\/types\/product"}],"wp:featuredmedia":[{"embeddable":true,"href":"https:\/\/rezekne.citro.lv\/ru\/wp-json\/wp\/v2\/media\/57217"}],"wp:attachment":[{"href":"https:\/\/rezekne.citro.lv\/ru\/wp-json\/wp\/v2\/media?parent=57214"}],"wp:term":[{"taxonomy":"product_cat","embeddable":true,"href":"https:\/\/rezekne.citro.lv\/ru\/wp-json\/wp\/v2\/product_cat?post=57214"},{"taxonomy":"product_tag","embeddable":true,"href":"https:\/\/rezekne.citro.lv\/ru\/wp-json\/wp\/v2\/product_tag?post=57214"}],"curies":[{"name":"wp","href":"https:\/\/api.w.org\/{rel}","templated":true}]}}