{"id":57320,"date":"2026-03-26T00:15:38","date_gmt":"2026-03-25T22:15:38","guid":{"rendered":"https:\/\/rezekne.citro.lv\/veikals\/rieksti-adazu-zilais-siers-140g\/"},"modified":"2026-03-26T00:15:42","modified_gmt":"2026-03-25T22:15:42","slug":"rieksti-adazu-zilais-siers-140g","status":"publish","type":"product","link":"https:\/\/rezekne.citro.lv\/ru\/product\/rieksti-adazu-zilais-siers-140g\/","title":{"rendered":"RIEKSTI \u0100DA\u017dU ZILAIS SIERS 140G"},"content":{"rendered":"<p>Izcelsmes valsts: V\u0101cija<\/p>\n","protected":false},"excerpt":{"rendered":"<p>20.64 \u20ac\/KG<\/p>\n","protected":false},"featured_media":57448,"template":"","meta":{"_acf_changed":false,"inline_featured_image":false},"product_cat":[125,202],"product_tag":[],"acf":[],"aioseo_notices":[],"_links":{"self":[{"href":"https:\/\/rezekne.citro.lv\/ru\/wp-json\/wp\/v2\/product\/57320"}],"collection":[{"href":"https:\/\/rezekne.citro.lv\/ru\/wp-json\/wp\/v2\/product"}],"about":[{"href":"https:\/\/rezekne.citro.lv\/ru\/wp-json\/wp\/v2\/types\/product"}],"wp:featuredmedia":[{"embeddable":true,"href":"https:\/\/rezekne.citro.lv\/ru\/wp-json\/wp\/v2\/media\/57448"}],"wp:attachment":[{"href":"https:\/\/rezekne.citro.lv\/ru\/wp-json\/wp\/v2\/media?parent=57320"}],"wp:term":[{"taxonomy":"product_cat","embeddable":true,"href":"https:\/\/rezekne.citro.lv\/ru\/wp-json\/wp\/v2\/product_cat?post=57320"},{"taxonomy":"product_tag","embeddable":true,"href":"https:\/\/rezekne.citro.lv\/ru\/wp-json\/wp\/v2\/product_tag?post=57320"}],"curies":[{"name":"wp","href":"https:\/\/api.w.org\/{rel}","templated":true}]}}