{"id":57321,"date":"2026-03-26T00:15:38","date_gmt":"2026-03-25T22:15:38","guid":{"rendered":"https:\/\/rezekne.citro.lv\/veikals\/rieksti-adazu-pikantais-cili-140g\/"},"modified":"2026-04-04T06:01:51","modified_gmt":"2026-04-04T03:01:51","slug":"rieksti-adazu-pikantais-cili-140g","status":"publish","type":"product","link":"https:\/\/rezekne.citro.lv\/ru\/product\/rieksti-adazu-pikantais-cili-140g\/","title":{"rendered":"RIEKSTI \u0100DA\u017dU PIKANTAIS \u010cILI 140G"},"content":{"rendered":"<p>Izcelsmes valsts: V\u0101cija<\/p>\n","protected":false},"excerpt":{"rendered":"<p>20.64 \u20ac\/KG<\/p>\n","protected":false},"featured_media":57447,"template":"","meta":{"_acf_changed":false,"inline_featured_image":false},"product_cat":[125,202],"product_tag":[],"acf":[],"aioseo_notices":[],"_links":{"self":[{"href":"https:\/\/rezekne.citro.lv\/ru\/wp-json\/wp\/v2\/product\/57321"}],"collection":[{"href":"https:\/\/rezekne.citro.lv\/ru\/wp-json\/wp\/v2\/product"}],"about":[{"href":"https:\/\/rezekne.citro.lv\/ru\/wp-json\/wp\/v2\/types\/product"}],"wp:featuredmedia":[{"embeddable":true,"href":"https:\/\/rezekne.citro.lv\/ru\/wp-json\/wp\/v2\/media\/57447"}],"wp:attachment":[{"href":"https:\/\/rezekne.citro.lv\/ru\/wp-json\/wp\/v2\/media?parent=57321"}],"wp:term":[{"taxonomy":"product_cat","embeddable":true,"href":"https:\/\/rezekne.citro.lv\/ru\/wp-json\/wp\/v2\/product_cat?post=57321"},{"taxonomy":"product_tag","embeddable":true,"href":"https:\/\/rezekne.citro.lv\/ru\/wp-json\/wp\/v2\/product_tag?post=57321"}],"curies":[{"name":"wp","href":"https:\/\/api.w.org\/{rel}","templated":true}]}}