{"id":57323,"date":"2026-04-23T00:15:49","date_gmt":"2026-04-22T21:15:49","guid":{"rendered":"https:\/\/rezekne.citro.lv\/veikals\/rieksti-adazu-meksikanu-salsa-140g\/"},"modified":"2026-05-01T06:01:54","modified_gmt":"2026-05-01T03:01:54","slug":"rieksti-adazu-meksikanu-salsa-140g","status":"publish","type":"product","link":"https:\/\/rezekne.citro.lv\/ru\/product\/rieksti-adazu-meksikanu-salsa-140g\/","title":{"rendered":"RIEKSTI \u0100DA\u017dU MEKSIK\u0100\u0145U SALSA 140G"},"content":{"rendered":"<p>Izcelsmes valsts: V\u0101cija<\/p>\n","protected":false},"excerpt":{"rendered":"<p>20.64 \u20ac\/KG<\/p>\n","protected":false},"featured_media":57446,"template":"","meta":{"_acf_changed":false,"inline_featured_image":false},"product_cat":[125,202],"product_tag":[],"acf":[],"aioseo_notices":[],"_links":{"self":[{"href":"https:\/\/rezekne.citro.lv\/ru\/wp-json\/wp\/v2\/product\/57323"}],"collection":[{"href":"https:\/\/rezekne.citro.lv\/ru\/wp-json\/wp\/v2\/product"}],"about":[{"href":"https:\/\/rezekne.citro.lv\/ru\/wp-json\/wp\/v2\/types\/product"}],"wp:featuredmedia":[{"embeddable":true,"href":"https:\/\/rezekne.citro.lv\/ru\/wp-json\/wp\/v2\/media\/57446"}],"wp:attachment":[{"href":"https:\/\/rezekne.citro.lv\/ru\/wp-json\/wp\/v2\/media?parent=57323"}],"wp:term":[{"taxonomy":"product_cat","embeddable":true,"href":"https:\/\/rezekne.citro.lv\/ru\/wp-json\/wp\/v2\/product_cat?post=57323"},{"taxonomy":"product_tag","embeddable":true,"href":"https:\/\/rezekne.citro.lv\/ru\/wp-json\/wp\/v2\/product_tag?post=57323"}],"curies":[{"name":"wp","href":"https:\/\/api.w.org\/{rel}","templated":true}]}}