{"id":57418,"date":"2026-03-26T00:05:47","date_gmt":"2026-03-25T22:05:47","guid":{"rendered":"https:\/\/rezekne.citro.lv\/veikals\/mikstinatajs-velas-mayeri-sensitive-750ml\/"},"modified":"2026-03-29T06:01:18","modified_gmt":"2026-03-29T04:01:18","slug":"mikstinatajs-velas-mayeri-sensitive-750ml","status":"publish","type":"product","link":"https:\/\/rezekne.citro.lv\/ru\/product\/mikstinatajs-velas-mayeri-sensitive-750ml\/","title":{"rendered":"M\u012aKSTIN\u0100T\u0100JS VE\u013bAS MAYERI SENSITIVE 750ML"},"content":{"rendered":"<p>Izcelsmes valsts:<\/p>\n","protected":false},"excerpt":{"rendered":"<p>2.65 \u20ac\/L<\/p>\n","protected":false},"featured_media":57461,"template":"","meta":{"_acf_changed":false,"inline_featured_image":false},"product_cat":[131,184],"product_tag":[],"acf":[],"aioseo_notices":[],"_links":{"self":[{"href":"https:\/\/rezekne.citro.lv\/ru\/wp-json\/wp\/v2\/product\/57418"}],"collection":[{"href":"https:\/\/rezekne.citro.lv\/ru\/wp-json\/wp\/v2\/product"}],"about":[{"href":"https:\/\/rezekne.citro.lv\/ru\/wp-json\/wp\/v2\/types\/product"}],"wp:featuredmedia":[{"embeddable":true,"href":"https:\/\/rezekne.citro.lv\/ru\/wp-json\/wp\/v2\/media\/57461"}],"wp:attachment":[{"href":"https:\/\/rezekne.citro.lv\/ru\/wp-json\/wp\/v2\/media?parent=57418"}],"wp:term":[{"taxonomy":"product_cat","embeddable":true,"href":"https:\/\/rezekne.citro.lv\/ru\/wp-json\/wp\/v2\/product_cat?post=57418"},{"taxonomy":"product_tag","embeddable":true,"href":"https:\/\/rezekne.citro.lv\/ru\/wp-json\/wp\/v2\/product_tag?post=57418"}],"curies":[{"name":"wp","href":"https:\/\/api.w.org\/{rel}","templated":true}]}}