{"id":57478,"date":"2025-09-25T00:16:12","date_gmt":"2025-09-24T21:16:12","guid":{"rendered":"https:\/\/rezekne.citro.lv\/veikals\/vistas-galas-sasliks-marinade-citro-1kg\/"},"modified":"2026-04-08T09:01:52","modified_gmt":"2026-04-08T06:01:52","slug":"vistas-galas-sasliks-marinade-citro-1kg","status":"publish","type":"product","link":"https:\/\/rezekne.citro.lv\/ru\/product\/vistas-galas-sasliks-marinade-citro-1kg\/","title":{"rendered":"VISTAS GA\u013bAS \u0160A\u0160LIKS MARIN\u0100D\u0112 CITRO 1KG"},"content":{"rendered":"<p>Izcelsmes valsts: Latvija<br \/>Sast\u0101vda\u013cas: vistas ga\u013ca 80%; \u016bdens; s\u012bpoli; gar\u0161vielu mais\u012bjums ga\u013cas marin\u0113sanai((gar\u0161vielas(t.sk SINEPES ); dekstroze, saharoze,  p\u0101rtikas s\u0101ls,   sk\u0101buma regul\u0113t\u0101js: citronsk\u0101be E330, konservants:n\u0101trija diacet\u0101ts(eti\u0137is) E262 ));  Uzglab\u0101\u0161anas temperat\u016bra 0+4C  Inform\u0101cija par uzturv\u0113rt\u012bbu: 100 g produkta satur: ener\u0123\u0113tisk\u0101 v\u0113rt\u012bba 608 kJ \/ 146kcal; tauki 9g, tostarp pies\u0101tin\u0101t\u0101s tauksk\u0101bes 3g; og\u013chidr\u0101ti 1.4g, tostarp cukuri 0.6g; \u0161\u0137iedrvielas 0.1g; olbaltumvielas 14.7g; s\u0101ls 0.3g. Pirms lieto\u0161anas uztur\u0101 termiski apstr\u0101d\u0101t<\/p>\n","protected":false},"excerpt":{"rendered":"<p>6.99 \u20ac\/KG<\/p>\n","protected":false},"featured_media":57475,"template":"","meta":{"_acf_changed":false,"inline_featured_image":false},"product_cat":[15,135,182],"product_tag":[],"acf":[],"aioseo_notices":[],"_links":{"self":[{"href":"https:\/\/rezekne.citro.lv\/ru\/wp-json\/wp\/v2\/product\/57478"}],"collection":[{"href":"https:\/\/rezekne.citro.lv\/ru\/wp-json\/wp\/v2\/product"}],"about":[{"href":"https:\/\/rezekne.citro.lv\/ru\/wp-json\/wp\/v2\/types\/product"}],"wp:featuredmedia":[{"embeddable":true,"href":"https:\/\/rezekne.citro.lv\/ru\/wp-json\/wp\/v2\/media\/57475"}],"wp:attachment":[{"href":"https:\/\/rezekne.citro.lv\/ru\/wp-json\/wp\/v2\/media?parent=57478"}],"wp:term":[{"taxonomy":"product_cat","embeddable":true,"href":"https:\/\/rezekne.citro.lv\/ru\/wp-json\/wp\/v2\/product_cat?post=57478"},{"taxonomy":"product_tag","embeddable":true,"href":"https:\/\/rezekne.citro.lv\/ru\/wp-json\/wp\/v2\/product_tag?post=57478"}],"curies":[{"name":"wp","href":"https:\/\/api.w.org\/{rel}","templated":true}]}}