{"id":57498,"date":"2026-04-23T00:16:35","date_gmt":"2026-04-22T21:16:35","guid":{"rendered":"https:\/\/rezekne.citro.lv\/veikals\/desa-galda-puskupinata-kg-forevers\/"},"modified":"2026-04-27T09:00:12","modified_gmt":"2026-04-27T06:00:12","slug":"desa-galda-puskupinata-kg-forevers","status":"publish","type":"product","link":"https:\/\/rezekne.citro.lv\/ru\/product\/desa-galda-puskupinata-kg-forevers\/","title":{"rendered":"DESA GALDA PUSK\u016aPIN\u0100TA KG FOREVERS"},"content":{"rendered":"<p>Izcelsmes valsts: Latvija<br \/>Ra\u017eot\u0101js Forevers uzglab\u0101\u0161anas temp.+2-+6C  Sast\u0101vda\u013cas:meh\u0101niski atdal\u012bta vistas ga\u013ca.c\u016bku spe\u0137is,\u016bdens,sojas olbaltumvielas,c\u016bku ga\u013ca,s\u0101ls,konservants E250,kartupe\u013cu ciete,sk\u0101buma reg.E575,dekstroze,gar\u0161vielas,stabiliz\u0113t\u0101js E451,gar\u0161as pastiprin\u0101t\u0101js E621,c\u016bku hemoglob\u012bns,kr\u0101sviela E120,antioksidants  E316<\/p>\n","protected":false},"excerpt":{"rendered":"<p>4.15 \u20ac\/KG<\/p>\n","protected":false},"featured_media":57544,"template":"","meta":{"_acf_changed":false,"inline_featured_image":false},"product_cat":[135,178],"product_tag":[],"acf":[],"aioseo_notices":[],"_links":{"self":[{"href":"https:\/\/rezekne.citro.lv\/ru\/wp-json\/wp\/v2\/product\/57498"}],"collection":[{"href":"https:\/\/rezekne.citro.lv\/ru\/wp-json\/wp\/v2\/product"}],"about":[{"href":"https:\/\/rezekne.citro.lv\/ru\/wp-json\/wp\/v2\/types\/product"}],"wp:featuredmedia":[{"embeddable":true,"href":"https:\/\/rezekne.citro.lv\/ru\/wp-json\/wp\/v2\/media\/57544"}],"wp:attachment":[{"href":"https:\/\/rezekne.citro.lv\/ru\/wp-json\/wp\/v2\/media?parent=57498"}],"wp:term":[{"taxonomy":"product_cat","embeddable":true,"href":"https:\/\/rezekne.citro.lv\/ru\/wp-json\/wp\/v2\/product_cat?post=57498"},{"taxonomy":"product_tag","embeddable":true,"href":"https:\/\/rezekne.citro.lv\/ru\/wp-json\/wp\/v2\/product_tag?post=57498"}],"curies":[{"name":"wp","href":"https:\/\/api.w.org\/{rel}","templated":true}]}}