{"id":57510,"date":"2025-11-06T00:48:47","date_gmt":"2025-11-05T22:48:47","guid":{"rendered":"https:\/\/rezekne.citro.lv\/veikals\/siers-kazas-labrit-augu-ella-ar-kiplokiem-180g\/"},"modified":"2025-11-06T00:48:51","modified_gmt":"2025-11-05T22:48:51","slug":"siers-kazas-labrit-augu-ella-ar-kiplokiem-180g","status":"publish","type":"product","link":"https:\/\/rezekne.citro.lv\/ru\/product\/siers-kazas-labrit-augu-ella-ar-kiplokiem-180g\/","title":{"rendered":"SIERS KAZAS LABR\u012aT AUGU E\u013b\u013b\u0100 AR \u0136IPLOKIEM 180G"},"content":{"rendered":"<p>Izcelsmes valsts: Latvija<\/p>\n","protected":false},"excerpt":{"rendered":"<p>18.28 \u20ac\/KG<\/p>\n","protected":false},"featured_media":57553,"template":"","meta":{"_acf_changed":false,"inline_featured_image":false},"product_cat":[95,225],"product_tag":[],"acf":[],"aioseo_notices":[],"_links":{"self":[{"href":"https:\/\/rezekne.citro.lv\/ru\/wp-json\/wp\/v2\/product\/57510"}],"collection":[{"href":"https:\/\/rezekne.citro.lv\/ru\/wp-json\/wp\/v2\/product"}],"about":[{"href":"https:\/\/rezekne.citro.lv\/ru\/wp-json\/wp\/v2\/types\/product"}],"wp:featuredmedia":[{"embeddable":true,"href":"https:\/\/rezekne.citro.lv\/ru\/wp-json\/wp\/v2\/media\/57553"}],"wp:attachment":[{"href":"https:\/\/rezekne.citro.lv\/ru\/wp-json\/wp\/v2\/media?parent=57510"}],"wp:term":[{"taxonomy":"product_cat","embeddable":true,"href":"https:\/\/rezekne.citro.lv\/ru\/wp-json\/wp\/v2\/product_cat?post=57510"},{"taxonomy":"product_tag","embeddable":true,"href":"https:\/\/rezekne.citro.lv\/ru\/wp-json\/wp\/v2\/product_tag?post=57510"}],"curies":[{"name":"wp","href":"https:\/\/api.w.org\/{rel}","templated":true}]}}