{"id":57514,"date":"2026-04-23T00:16:35","date_gmt":"2026-04-22T21:16:35","guid":{"rendered":"https:\/\/rezekne.citro.lv\/veikals\/gardumins-biezp-sierins-ar-marmeladi-90g\/"},"modified":"2026-05-15T06:01:41","modified_gmt":"2026-05-15T03:01:41","slug":"gardumins-biezp-sierins-ar-marmeladi-90g","status":"publish","type":"product","link":"https:\/\/rezekne.citro.lv\/ru\/product\/gardumins-biezp-sierins-ar-marmeladi-90g\/","title":{"rendered":"BIEZPIENA SIERI\u0145\u0160 GARDUMI\u0145\u0160 AR \u017dELEJVEIDA GABALI\u0145IEM 90G"},"content":{"rendered":"<p>Izcelsmes valsts: Latvija<\/p>\n","protected":false},"excerpt":{"rendered":"<p>6.56 \u20ac\/KG<\/p>\n","protected":false},"featured_media":57557,"template":"","meta":{"_acf_changed":false,"inline_featured_image":false},"product_cat":[95,188],"product_tag":[],"acf":[],"aioseo_notices":[],"_links":{"self":[{"href":"https:\/\/rezekne.citro.lv\/ru\/wp-json\/wp\/v2\/product\/57514"}],"collection":[{"href":"https:\/\/rezekne.citro.lv\/ru\/wp-json\/wp\/v2\/product"}],"about":[{"href":"https:\/\/rezekne.citro.lv\/ru\/wp-json\/wp\/v2\/types\/product"}],"wp:featuredmedia":[{"embeddable":true,"href":"https:\/\/rezekne.citro.lv\/ru\/wp-json\/wp\/v2\/media\/57557"}],"wp:attachment":[{"href":"https:\/\/rezekne.citro.lv\/ru\/wp-json\/wp\/v2\/media?parent=57514"}],"wp:term":[{"taxonomy":"product_cat","embeddable":true,"href":"https:\/\/rezekne.citro.lv\/ru\/wp-json\/wp\/v2\/product_cat?post=57514"},{"taxonomy":"product_tag","embeddable":true,"href":"https:\/\/rezekne.citro.lv\/ru\/wp-json\/wp\/v2\/product_tag?post=57514"}],"curies":[{"name":"wp","href":"https:\/\/api.w.org\/{rel}","templated":true}]}}