{"id":57672,"date":"2026-04-19T00:01:54","date_gmt":"2026-04-18T21:01:54","guid":{"rendered":"https:\/\/rezekne.citro.lv\/veikals\/rausisi-ar-galu-citro-300g\/"},"modified":"2026-04-29T09:00:07","modified_gmt":"2026-04-29T06:00:07","slug":"rausisi-ar-galu-citro-300g","status":"publish","type":"product","link":"https:\/\/rezekne.citro.lv\/ru\/product\/rausisi-ar-galu-citro-300g\/","title":{"rendered":"RAUS\u012a\u0160I AR GA\u013bU CITRO 300G"},"content":{"rendered":"<p>Izcelsmes valsts: Latvija<br \/>Sast\u0101vda\u013cas : m\u012bkla{(KVIE\u0160U MILTI: \u016bdens: margar\u012bns ((augu e\u013c\u013cas(palmu,rap\u0161u),\u016bdens,emulgatori(tauksk\u0101bju mono un diglicer\u012bdi,  tauksk\u0101bju un poliglicerina esteri, lecit\u012bns), s\u0101ls,sk\u0101buma regul\u0113t\u0101js , konserv\u0101nts k\u0101lija sorb\u0101ts, arom\u0101ts, kr\u0101sviela 160a)): saulespu\u0137u e\u013c\u013ca rafin\u0113ta:  cukurs: s\u0101ls: raugs sausais((raugs Saccharomyces cerevisiae ), emulgators: E491 )): uzlabot\u0101js(KVIE\u0160U milti, fermenti, miltu apstr\u0101des l\u012bdzeklis:E300.Var satur\u0113t LIPEKLI saturo\u0161o, OLU, SOJASpupu, SEZAMA s\u0113klu produktu da\u013ci\u0146as): pild\u012bjums36.3%{c\u016bkga\u013ca45.8%: p\u012br\u0101dzi\u0146u ga\u013ca38.5%{c\u016bkga\u013ca, c\u016bku vai\u0123i bez \u0101das,  dzeramais \u016bdens, s\u0101ls, dekstroze, stabiliz\u0113t\u0101ji E450, E451, E407, biezin\u0101t\u0101ji E407a,  E412, E415, E425, rauga ekstrakts, aromatizet\u0101ji, antioksidants E 301, KVIE\u0160U \u0161\u0137iedras,  modific\u0113ta ciete, maltodekstr\u012bns, hidroliz\u0113tas augu olbaltumvielas, dab\u012bgi  aromatiz\u0113t\u0101ji, gar\u0161vielu ekstrakti(\u0137iploki, koriandrs, s\u012bpoli), k\u016bpin\u0101\u0161anas aromatiz\u0113t\u0101js, konservants E250,  dz\u012bvnieku izcelsmes olbaltumvielas(c\u016bkga\u013cas).Produkt\u0101 ir iesp\u0113jama alerg\u0113nu (SOJAS, SINEPJU, PIENA, OLU ,SEL\u0112RIJAS, RIEKSTU kl\u0101tb\u016btne}: s\u012bpoli;  r\u012bvmaize (KVIE\u0160U MILTI, \u016bdens, s\u0101ls, raugs);saulespu\u0137u e\u013c\u013ca rafin\u0113ta; \u016bdens: gar\u0161vielas ((gar\u0161vielas(t.sk.SINEPES), gar\u0161as pastiprin\u0101t\u0101js: monon\u0101trija glutam\u0101ts E 621 , gar\u0161vielas ekstrakti));s\u0101ls}:\u016bdens; SEZAMA s\u0113klas, olu aizvietot\u0101js((KAZE\u012aNS (PIENA olbaltumvielas), sk\u0101buma regul\u0113t\u0101js (E450, E500), LAKTOZE)):  Uzglab\u0101\u0161anas temperat\u016bra+20-+25C Inform\u0101cija par uzturv\u0113rt\u012bbu: 100 g produkta satur: ener\u0123\u0113tisk\u0101 v\u0113rt\u012bba 1506 kJ \/ 362kcal; tauki 24.6g, tostarp pies\u0101tin\u0101t\u0101s tauksk\u0101bes 8.6g; og\u013chidr\u0101ti 26.5g, tostarp cukuri 2.1g; \u0161\u0137iedrvielas 1.6g; olbaltumvielas 7.8g; s\u0101ls 0.9g.<\/p>\n","protected":false},"excerpt":{"rendered":"<p>8.97 \u20ac\/KG<\/p>\n","protected":false},"featured_media":75537,"template":"","meta":{"_acf_changed":false,"inline_featured_image":false},"product_cat":[109,110],"product_tag":[],"acf":[],"aioseo_notices":[],"_links":{"self":[{"href":"https:\/\/rezekne.citro.lv\/ru\/wp-json\/wp\/v2\/product\/57672"}],"collection":[{"href":"https:\/\/rezekne.citro.lv\/ru\/wp-json\/wp\/v2\/product"}],"about":[{"href":"https:\/\/rezekne.citro.lv\/ru\/wp-json\/wp\/v2\/types\/product"}],"wp:featuredmedia":[{"embeddable":true,"href":"https:\/\/rezekne.citro.lv\/ru\/wp-json\/wp\/v2\/media\/75537"}],"wp:attachment":[{"href":"https:\/\/rezekne.citro.lv\/ru\/wp-json\/wp\/v2\/media?parent=57672"}],"wp:term":[{"taxonomy":"product_cat","embeddable":true,"href":"https:\/\/rezekne.citro.lv\/ru\/wp-json\/wp\/v2\/product_cat?post=57672"},{"taxonomy":"product_tag","embeddable":true,"href":"https:\/\/rezekne.citro.lv\/ru\/wp-json\/wp\/v2\/product_tag?post=57672"}],"curies":[{"name":"wp","href":"https:\/\/api.w.org\/{rel}","templated":true}]}}