{"id":57690,"date":"2026-04-23T00:30:15","date_gmt":"2026-04-22T21:30:15","guid":{"rendered":"https:\/\/rezekne.citro.lv\/veikals\/saldejums-super-viva-karamelu-glazite-170ml-95g\/"},"modified":"2026-05-08T15:00:05","modified_gmt":"2026-05-08T12:00:05","slug":"saldejums-super-viva-karamelu-glazite-170ml-95g","status":"publish","type":"product","link":"https:\/\/rezekne.citro.lv\/ru\/product\/saldejums-super-viva-karamelu-glazite-170ml-95g\/","title":{"rendered":"SALD\u0112JUMS SUPER VIVA KARAME\u013bU GL\u0100Z\u012aT\u0112 170ML\/95G"},"content":{"rendered":"<p>Izcelsmes valsts: Lietuva<\/p>\n","protected":false},"excerpt":{"rendered":"<p>17.79 \u20ac\/KG<\/p>\n","protected":false},"featured_media":57747,"template":"","meta":{"_acf_changed":false,"inline_featured_image":false},"product_cat":[233,234],"product_tag":[],"acf":[],"aioseo_notices":[],"_links":{"self":[{"href":"https:\/\/rezekne.citro.lv\/ru\/wp-json\/wp\/v2\/product\/57690"}],"collection":[{"href":"https:\/\/rezekne.citro.lv\/ru\/wp-json\/wp\/v2\/product"}],"about":[{"href":"https:\/\/rezekne.citro.lv\/ru\/wp-json\/wp\/v2\/types\/product"}],"wp:featuredmedia":[{"embeddable":true,"href":"https:\/\/rezekne.citro.lv\/ru\/wp-json\/wp\/v2\/media\/57747"}],"wp:attachment":[{"href":"https:\/\/rezekne.citro.lv\/ru\/wp-json\/wp\/v2\/media?parent=57690"}],"wp:term":[{"taxonomy":"product_cat","embeddable":true,"href":"https:\/\/rezekne.citro.lv\/ru\/wp-json\/wp\/v2\/product_cat?post=57690"},{"taxonomy":"product_tag","embeddable":true,"href":"https:\/\/rezekne.citro.lv\/ru\/wp-json\/wp\/v2\/product_tag?post=57690"}],"curies":[{"name":"wp","href":"https:\/\/api.w.org\/{rel}","templated":true}]}}