{"id":57692,"date":"2026-03-26T00:19:24","date_gmt":"2026-03-25T22:19:24","guid":{"rendered":"https:\/\/rezekne.citro.lv\/veikals\/cauraudzis-cukas-kupinats-majas-gaume-kg-gpu\/"},"modified":"2026-03-26T00:19:27","modified_gmt":"2026-03-25T22:19:27","slug":"cauraudzis-cukas-kupinats-majas-gaume-kg-gpu","status":"publish","type":"product","link":"https:\/\/rezekne.citro.lv\/ru\/product\/cauraudzis-cukas-kupinats-majas-gaume-kg-gpu\/","title":{"rendered":"CAURAUDZIS C\u016aKAS K\u016aPIN\u0100TS M\u0100JAS GAUM\u0112 KG GPU"},"content":{"rendered":"<p>Izcelsmes valsts: Latvija<br \/>ra\u017eot\u0101js Ga\u013cas p\u0101rstr\u0101des uz\u0146emums N\u0101kotne uzglab\u0101\u0161anas temp.+2- +6C<\/p>\n","protected":false},"excerpt":{"rendered":"<p>11.59 \u20ac\/KG<\/p>\n","protected":false},"featured_media":57748,"template":"","meta":{"_acf_changed":false,"inline_featured_image":false},"product_cat":[135,174],"product_tag":[],"acf":[],"aioseo_notices":[],"_links":{"self":[{"href":"https:\/\/rezekne.citro.lv\/ru\/wp-json\/wp\/v2\/product\/57692"}],"collection":[{"href":"https:\/\/rezekne.citro.lv\/ru\/wp-json\/wp\/v2\/product"}],"about":[{"href":"https:\/\/rezekne.citro.lv\/ru\/wp-json\/wp\/v2\/types\/product"}],"wp:featuredmedia":[{"embeddable":true,"href":"https:\/\/rezekne.citro.lv\/ru\/wp-json\/wp\/v2\/media\/57748"}],"wp:attachment":[{"href":"https:\/\/rezekne.citro.lv\/ru\/wp-json\/wp\/v2\/media?parent=57692"}],"wp:term":[{"taxonomy":"product_cat","embeddable":true,"href":"https:\/\/rezekne.citro.lv\/ru\/wp-json\/wp\/v2\/product_cat?post=57692"},{"taxonomy":"product_tag","embeddable":true,"href":"https:\/\/rezekne.citro.lv\/ru\/wp-json\/wp\/v2\/product_tag?post=57692"}],"curies":[{"name":"wp","href":"https:\/\/api.w.org\/{rel}","templated":true}]}}