{"id":57693,"date":"2026-03-26T00:19:24","date_gmt":"2026-03-25T22:19:24","guid":{"rendered":"https:\/\/rezekne.citro.lv\/veikals\/saldejums-druva-ar-rozinem-glazite-120ml-70g\/"},"modified":"2026-04-15T06:03:10","modified_gmt":"2026-04-15T03:03:10","slug":"saldejums-druva-ar-rozinem-glazite-120ml-70g","status":"publish","type":"product","link":"https:\/\/rezekne.citro.lv\/ru\/product\/saldejums-druva-ar-rozinem-glazite-120ml-70g\/","title":{"rendered":"SALD\u0112JUMS DRUVA AR ROZ\u012aN\u0112M GL\u0100Z\u012aT\u0112 120ML\/70G"},"content":{"rendered":"<p>Izcelsmes valsts: Latvija<\/p>\n","protected":false},"excerpt":{"rendered":"<p>12.71 \u20ac\/KG<\/p>\n","protected":false},"featured_media":57762,"template":"","meta":{"_acf_changed":false,"inline_featured_image":false},"product_cat":[233,234],"product_tag":[],"acf":[],"aioseo_notices":[],"_links":{"self":[{"href":"https:\/\/rezekne.citro.lv\/ru\/wp-json\/wp\/v2\/product\/57693"}],"collection":[{"href":"https:\/\/rezekne.citro.lv\/ru\/wp-json\/wp\/v2\/product"}],"about":[{"href":"https:\/\/rezekne.citro.lv\/ru\/wp-json\/wp\/v2\/types\/product"}],"wp:featuredmedia":[{"embeddable":true,"href":"https:\/\/rezekne.citro.lv\/ru\/wp-json\/wp\/v2\/media\/57762"}],"wp:attachment":[{"href":"https:\/\/rezekne.citro.lv\/ru\/wp-json\/wp\/v2\/media?parent=57693"}],"wp:term":[{"taxonomy":"product_cat","embeddable":true,"href":"https:\/\/rezekne.citro.lv\/ru\/wp-json\/wp\/v2\/product_cat?post=57693"},{"taxonomy":"product_tag","embeddable":true,"href":"https:\/\/rezekne.citro.lv\/ru\/wp-json\/wp\/v2\/product_tag?post=57693"}],"curies":[{"name":"wp","href":"https:\/\/api.w.org\/{rel}","templated":true}]}}