{"id":57700,"date":"2026-04-22T00:04:13","date_gmt":"2026-04-21T21:04:13","guid":{"rendered":"https:\/\/rezekne.citro.lv\/veikals\/karums-krems-karamelu-150g\/"},"modified":"2026-04-29T06:13:35","modified_gmt":"2026-04-29T03:13:35","slug":"karums-krems-karamelu-150g","status":"publish","type":"product","link":"https:\/\/rezekne.citro.lv\/ru\/product\/karums-krems-karamelu-150g\/","title":{"rendered":"KR\u0112MS K\u0100RUMS SALD\u0100 KR\u0112JUM\u0100 KARAME\u013bU 150G"},"content":{"rendered":"<p>Izcelsmes valsts: Latvija<\/p>\n","protected":false},"excerpt":{"rendered":"<p>6.60 \u20ac\/KG<\/p>\n","protected":false},"featured_media":57759,"template":"","meta":{"_acf_changed":false,"inline_featured_image":false},"product_cat":[95,188],"product_tag":[],"acf":[],"aioseo_notices":[],"_links":{"self":[{"href":"https:\/\/rezekne.citro.lv\/ru\/wp-json\/wp\/v2\/product\/57700"}],"collection":[{"href":"https:\/\/rezekne.citro.lv\/ru\/wp-json\/wp\/v2\/product"}],"about":[{"href":"https:\/\/rezekne.citro.lv\/ru\/wp-json\/wp\/v2\/types\/product"}],"wp:featuredmedia":[{"embeddable":true,"href":"https:\/\/rezekne.citro.lv\/ru\/wp-json\/wp\/v2\/media\/57759"}],"wp:attachment":[{"href":"https:\/\/rezekne.citro.lv\/ru\/wp-json\/wp\/v2\/media?parent=57700"}],"wp:term":[{"taxonomy":"product_cat","embeddable":true,"href":"https:\/\/rezekne.citro.lv\/ru\/wp-json\/wp\/v2\/product_cat?post=57700"},{"taxonomy":"product_tag","embeddable":true,"href":"https:\/\/rezekne.citro.lv\/ru\/wp-json\/wp\/v2\/product_tag?post=57700"}],"curies":[{"name":"wp","href":"https:\/\/api.w.org\/{rel}","templated":true}]}}