{"id":57792,"date":"2026-02-05T00:02:16","date_gmt":"2026-02-04T22:02:16","guid":{"rendered":"https:\/\/rezekne.citro.lv\/veikals\/merce-tomatu-saldskaba-kok-500g-stavpaka\/"},"modified":"2026-04-14T06:01:55","modified_gmt":"2026-04-14T03:01:55","slug":"merce-tomatu-saldskaba-kok-500g-stavpaka","status":"publish","type":"product","link":"https:\/\/rezekne.citro.lv\/ru\/product\/merce-tomatu-saldskaba-kok-500g-stavpaka\/","title":{"rendered":"M\u0112RCE TOM\u0100TU SALDSK\u0100B\u0100  KOK 500G ST\u0100VPAK\u0100"},"content":{"rendered":"<p>Izcelsmes valsts: Latvija<\/p>\n","protected":false},"excerpt":{"rendered":"<p>3.98 \u20ac\/KG<\/p>\n","protected":false},"featured_media":57823,"template":"","meta":{"_acf_changed":false,"inline_featured_image":false},"product_cat":[116,533],"product_tag":[],"acf":[],"aioseo_notices":[],"_links":{"self":[{"href":"https:\/\/rezekne.citro.lv\/ru\/wp-json\/wp\/v2\/product\/57792"}],"collection":[{"href":"https:\/\/rezekne.citro.lv\/ru\/wp-json\/wp\/v2\/product"}],"about":[{"href":"https:\/\/rezekne.citro.lv\/ru\/wp-json\/wp\/v2\/types\/product"}],"wp:featuredmedia":[{"embeddable":true,"href":"https:\/\/rezekne.citro.lv\/ru\/wp-json\/wp\/v2\/media\/57823"}],"wp:attachment":[{"href":"https:\/\/rezekne.citro.lv\/ru\/wp-json\/wp\/v2\/media?parent=57792"}],"wp:term":[{"taxonomy":"product_cat","embeddable":true,"href":"https:\/\/rezekne.citro.lv\/ru\/wp-json\/wp\/v2\/product_cat?post=57792"},{"taxonomy":"product_tag","embeddable":true,"href":"https:\/\/rezekne.citro.lv\/ru\/wp-json\/wp\/v2\/product_tag?post=57792"}],"curies":[{"name":"wp","href":"https:\/\/api.w.org\/{rel}","templated":true}]}}