{"id":57793,"date":"2026-02-26T00:15:15","date_gmt":"2026-02-25T22:15:15","guid":{"rendered":"https:\/\/rezekne.citro.lv\/veikals\/merce-tomatu-zalumu-kok-500g-stavpaka\/"},"modified":"2026-04-30T09:00:08","modified_gmt":"2026-04-30T06:00:08","slug":"merce-tomatu-zalumu-kok-500g-stavpaka","status":"publish","type":"product","link":"https:\/\/rezekne.citro.lv\/ru\/product\/merce-tomatu-zalumu-kok-500g-stavpaka\/","title":{"rendered":"M\u0112RCE TOM\u0100TU ZA\u013bUMU KOK 500G ST\u0100VPAK\u0100"},"content":{"rendered":"<p>Izcelsmes valsts: Latvija<\/p>\n","protected":false},"excerpt":{"rendered":"<p>3.98 \u20ac\/KG<\/p>\n","protected":false},"featured_media":57826,"template":"","meta":{"_acf_changed":false,"inline_featured_image":false},"product_cat":[116,533],"product_tag":[],"acf":[],"aioseo_notices":[],"_links":{"self":[{"href":"https:\/\/rezekne.citro.lv\/ru\/wp-json\/wp\/v2\/product\/57793"}],"collection":[{"href":"https:\/\/rezekne.citro.lv\/ru\/wp-json\/wp\/v2\/product"}],"about":[{"href":"https:\/\/rezekne.citro.lv\/ru\/wp-json\/wp\/v2\/types\/product"}],"wp:featuredmedia":[{"embeddable":true,"href":"https:\/\/rezekne.citro.lv\/ru\/wp-json\/wp\/v2\/media\/57826"}],"wp:attachment":[{"href":"https:\/\/rezekne.citro.lv\/ru\/wp-json\/wp\/v2\/media?parent=57793"}],"wp:term":[{"taxonomy":"product_cat","embeddable":true,"href":"https:\/\/rezekne.citro.lv\/ru\/wp-json\/wp\/v2\/product_cat?post=57793"},{"taxonomy":"product_tag","embeddable":true,"href":"https:\/\/rezekne.citro.lv\/ru\/wp-json\/wp\/v2\/product_tag?post=57793"}],"curies":[{"name":"wp","href":"https:\/\/api.w.org\/{rel}","templated":true}]}}