{"id":57794,"date":"2026-03-26T00:16:26","date_gmt":"2026-03-25T22:16:26","guid":{"rendered":"https:\/\/rezekne.citro.lv\/veikals\/kecups-originalais-kok-500g-stavpaka\/"},"modified":"2026-04-29T06:02:03","modified_gmt":"2026-04-29T03:02:03","slug":"kecups-originalais-kok-500g-stavpaka","status":"publish","type":"product","link":"https:\/\/rezekne.citro.lv\/ru\/product\/kecups-originalais-kok-500g-stavpaka\/","title":{"rendered":"KE\u010cUPS ORI\u0122IN\u0100LAIS KOK 500G ST\u0100VPAK\u0100"},"content":{"rendered":"<p>Izcelsmes valsts: Latvija<\/p>\n","protected":false},"excerpt":{"rendered":"<p>3.98 \u20ac\/KG<\/p>\n","protected":false},"featured_media":57825,"template":"","meta":{"_acf_changed":false,"inline_featured_image":false},"product_cat":[116,533],"product_tag":[],"acf":[],"aioseo_notices":[],"_links":{"self":[{"href":"https:\/\/rezekne.citro.lv\/ru\/wp-json\/wp\/v2\/product\/57794"}],"collection":[{"href":"https:\/\/rezekne.citro.lv\/ru\/wp-json\/wp\/v2\/product"}],"about":[{"href":"https:\/\/rezekne.citro.lv\/ru\/wp-json\/wp\/v2\/types\/product"}],"wp:featuredmedia":[{"embeddable":true,"href":"https:\/\/rezekne.citro.lv\/ru\/wp-json\/wp\/v2\/media\/57825"}],"wp:attachment":[{"href":"https:\/\/rezekne.citro.lv\/ru\/wp-json\/wp\/v2\/media?parent=57794"}],"wp:term":[{"taxonomy":"product_cat","embeddable":true,"href":"https:\/\/rezekne.citro.lv\/ru\/wp-json\/wp\/v2\/product_cat?post=57794"},{"taxonomy":"product_tag","embeddable":true,"href":"https:\/\/rezekne.citro.lv\/ru\/wp-json\/wp\/v2\/product_tag?post=57794"}],"curies":[{"name":"wp","href":"https:\/\/api.w.org\/{rel}","templated":true}]}}