{"id":57845,"date":"2026-04-30T00:02:12","date_gmt":"2026-04-29T21:02:12","guid":{"rendered":"https:\/\/rezekne.citro.lv\/veikals\/saulespuku-seklas-bazarnije-melnas-ceptas-ar-sali-100g\/"},"modified":"2026-05-03T06:01:54","modified_gmt":"2026-05-03T03:01:54","slug":"seklas-saulespuku-bazaro-melnas-ceptas-ar-sali-100g","status":"publish","type":"product","link":"https:\/\/rezekne.citro.lv\/ru\/product\/seklas-saulespuku-bazaro-melnas-ceptas-ar-sali-100g\/","title":{"rendered":"S\u0112KLAS SAULESPU\u0136U BAZARO MELNAS CEPTAS AR S\u0100LI 100G"},"content":{"rendered":"<p>Izcelsmes valsts: Lietuva<\/p>\n","protected":false},"excerpt":{"rendered":"<p>8.90 \u20ac\/KG<\/p>\n","protected":false},"featured_media":63286,"template":"","meta":{"_acf_changed":false,"inline_featured_image":false},"product_cat":[125,197],"product_tag":[],"acf":[],"aioseo_notices":[],"_links":{"self":[{"href":"https:\/\/rezekne.citro.lv\/ru\/wp-json\/wp\/v2\/product\/57845"}],"collection":[{"href":"https:\/\/rezekne.citro.lv\/ru\/wp-json\/wp\/v2\/product"}],"about":[{"href":"https:\/\/rezekne.citro.lv\/ru\/wp-json\/wp\/v2\/types\/product"}],"wp:featuredmedia":[{"embeddable":true,"href":"https:\/\/rezekne.citro.lv\/ru\/wp-json\/wp\/v2\/media\/63286"}],"wp:attachment":[{"href":"https:\/\/rezekne.citro.lv\/ru\/wp-json\/wp\/v2\/media?parent=57845"}],"wp:term":[{"taxonomy":"product_cat","embeddable":true,"href":"https:\/\/rezekne.citro.lv\/ru\/wp-json\/wp\/v2\/product_cat?post=57845"},{"taxonomy":"product_tag","embeddable":true,"href":"https:\/\/rezekne.citro.lv\/ru\/wp-json\/wp\/v2\/product_tag?post=57845"}],"curies":[{"name":"wp","href":"https:\/\/api.w.org\/{rel}","templated":true}]}}