{"id":57848,"date":"2026-04-23T00:16:42","date_gmt":"2026-04-22T21:16:42","guid":{"rendered":"https:\/\/rezekne.citro.lv\/veikals\/saulespuku-seklas-yes-strip-ar-krejuma-un-sipolu-g-90g\/"},"modified":"2026-04-28T06:01:51","modified_gmt":"2026-04-28T03:01:51","slug":"saulespuku-seklas-yes-strip-ar-krejuma-un-sipolu-g-90g","status":"publish","type":"product","link":"https:\/\/rezekne.citro.lv\/ru\/product\/saulespuku-seklas-yes-strip-ar-krejuma-un-sipolu-g-90g\/","title":{"rendered":"SAULESPU\u0136U S\u0112KLAS YES STR\u012aP. AR KR\u0112JUMA UN S\u012aPOLU G. 90G"},"content":{"rendered":"<p>Izcelsmes valsts: Lietuva<\/p>\n","protected":false},"excerpt":{"rendered":"<p>8.78 \u20ac\/KG<\/p>\n","protected":false},"featured_media":57872,"template":"","meta":{"_acf_changed":false,"inline_featured_image":false},"product_cat":[125,197],"product_tag":[],"acf":[],"aioseo_notices":[],"_links":{"self":[{"href":"https:\/\/rezekne.citro.lv\/ru\/wp-json\/wp\/v2\/product\/57848"}],"collection":[{"href":"https:\/\/rezekne.citro.lv\/ru\/wp-json\/wp\/v2\/product"}],"about":[{"href":"https:\/\/rezekne.citro.lv\/ru\/wp-json\/wp\/v2\/types\/product"}],"wp:featuredmedia":[{"embeddable":true,"href":"https:\/\/rezekne.citro.lv\/ru\/wp-json\/wp\/v2\/media\/57872"}],"wp:attachment":[{"href":"https:\/\/rezekne.citro.lv\/ru\/wp-json\/wp\/v2\/media?parent=57848"}],"wp:term":[{"taxonomy":"product_cat","embeddable":true,"href":"https:\/\/rezekne.citro.lv\/ru\/wp-json\/wp\/v2\/product_cat?post=57848"},{"taxonomy":"product_tag","embeddable":true,"href":"https:\/\/rezekne.citro.lv\/ru\/wp-json\/wp\/v2\/product_tag?post=57848"}],"curies":[{"name":"wp","href":"https:\/\/api.w.org\/{rel}","templated":true}]}}