{"id":57922,"date":"2026-03-26T00:19:24","date_gmt":"2026-03-25T22:19:24","guid":{"rendered":"https:\/\/rezekne.citro.lv\/veikals\/dzeriens-mangali-vitafruit-pluskoku-citronu-gaz-1-5l-pet\/"},"modified":"2026-04-05T06:02:43","modified_gmt":"2026-04-05T03:02:43","slug":"dzeriens-mangali-vitafruit-pluskoku-citronu-gaz-1-5l-pet","status":"publish","type":"product","link":"https:\/\/rezekne.citro.lv\/ru\/product\/dzeriens-mangali-vitafruit-pluskoku-citronu-gaz-1-5l-pet\/","title":{"rendered":"DZ\u0112RIENS MANGA\u013bI VITAFRUIT PL\u016a\u0160KOKU-CITRONU VIEGLI G\u0100Z.1.5L PET"},"content":{"rendered":"<p>Izcelsmes valsts: Latvija<\/p>\n","protected":false},"excerpt":{"rendered":"<p>0.99 \u20ac\/L<\/p>\n","protected":false},"featured_media":58019,"template":"","meta":{"_acf_changed":false,"inline_featured_image":false},"product_cat":[106,186],"product_tag":[],"acf":[],"aioseo_notices":[],"_links":{"self":[{"href":"https:\/\/rezekne.citro.lv\/ru\/wp-json\/wp\/v2\/product\/57922"}],"collection":[{"href":"https:\/\/rezekne.citro.lv\/ru\/wp-json\/wp\/v2\/product"}],"about":[{"href":"https:\/\/rezekne.citro.lv\/ru\/wp-json\/wp\/v2\/types\/product"}],"wp:featuredmedia":[{"embeddable":true,"href":"https:\/\/rezekne.citro.lv\/ru\/wp-json\/wp\/v2\/media\/58019"}],"wp:attachment":[{"href":"https:\/\/rezekne.citro.lv\/ru\/wp-json\/wp\/v2\/media?parent=57922"}],"wp:term":[{"taxonomy":"product_cat","embeddable":true,"href":"https:\/\/rezekne.citro.lv\/ru\/wp-json\/wp\/v2\/product_cat?post=57922"},{"taxonomy":"product_tag","embeddable":true,"href":"https:\/\/rezekne.citro.lv\/ru\/wp-json\/wp\/v2\/product_tag?post=57922"}],"curies":[{"name":"wp","href":"https:\/\/api.w.org\/{rel}","templated":true}]}}