{"id":57928,"date":"2026-04-23T00:30:24","date_gmt":"2026-04-22T21:30:24","guid":{"rendered":"https:\/\/rezekne.citro.lv\/veikals\/energijas-dzeriens-cult-original-0-5l-can\/"},"modified":"2026-04-29T06:03:08","modified_gmt":"2026-04-29T03:03:08","slug":"energijas-dzeriens-cult-original-0-5l-can","status":"publish","type":"product","link":"https:\/\/rezekne.citro.lv\/ru\/product\/energijas-dzeriens-cult-original-0-5l-can\/","title":{"rendered":"ENER\u0122IJAS DZ\u0112RIENS CULT ORIGINAL 0.5L CAN"},"content":{"rendered":"<p>Izcelsmes valsts: D\u0101nija<\/p>\n","protected":false},"excerpt":{"rendered":"<p>1.90 \u20ac\/L<\/p>\n","protected":false},"featured_media":58025,"template":"","meta":{"_acf_changed":false,"inline_featured_image":false},"product_cat":[106,217],"product_tag":[],"acf":[],"aioseo_notices":[],"_links":{"self":[{"href":"https:\/\/rezekne.citro.lv\/ru\/wp-json\/wp\/v2\/product\/57928"}],"collection":[{"href":"https:\/\/rezekne.citro.lv\/ru\/wp-json\/wp\/v2\/product"}],"about":[{"href":"https:\/\/rezekne.citro.lv\/ru\/wp-json\/wp\/v2\/types\/product"}],"wp:featuredmedia":[{"embeddable":true,"href":"https:\/\/rezekne.citro.lv\/ru\/wp-json\/wp\/v2\/media\/58025"}],"wp:attachment":[{"href":"https:\/\/rezekne.citro.lv\/ru\/wp-json\/wp\/v2\/media?parent=57928"}],"wp:term":[{"taxonomy":"product_cat","embeddable":true,"href":"https:\/\/rezekne.citro.lv\/ru\/wp-json\/wp\/v2\/product_cat?post=57928"},{"taxonomy":"product_tag","embeddable":true,"href":"https:\/\/rezekne.citro.lv\/ru\/wp-json\/wp\/v2\/product_tag?post=57928"}],"curies":[{"name":"wp","href":"https:\/\/api.w.org\/{rel}","templated":true}]}}