{"id":57937,"date":"2026-04-23T00:30:24","date_gmt":"2026-04-22T21:30:24","guid":{"rendered":"https:\/\/rezekne.citro.lv\/veikals\/kekss-ar-rozinem-siguldasm-400g\/"},"modified":"2026-04-23T00:30:28","modified_gmt":"2026-04-22T21:30:28","slug":"kekss-ar-rozinem-siguldasm-400g","status":"publish","type":"product","link":"https:\/\/rezekne.citro.lv\/ru\/product\/kekss-ar-rozinem-siguldasm-400g\/","title":{"rendered":"K\u0112KSS AR ROZ\u012aN\u0112M SIGULDASM 400G"},"content":{"rendered":"<p>Izcelsmes valsts: Latvija<\/p>\n","protected":false},"excerpt":{"rendered":"<p>5.98 \u20ac\/KG<\/p>\n","protected":false},"featured_media":58037,"template":"","meta":{"_acf_changed":false,"inline_featured_image":false},"product_cat":[109,110],"product_tag":[],"acf":[],"aioseo_notices":[],"_links":{"self":[{"href":"https:\/\/rezekne.citro.lv\/ru\/wp-json\/wp\/v2\/product\/57937"}],"collection":[{"href":"https:\/\/rezekne.citro.lv\/ru\/wp-json\/wp\/v2\/product"}],"about":[{"href":"https:\/\/rezekne.citro.lv\/ru\/wp-json\/wp\/v2\/types\/product"}],"wp:featuredmedia":[{"embeddable":true,"href":"https:\/\/rezekne.citro.lv\/ru\/wp-json\/wp\/v2\/media\/58037"}],"wp:attachment":[{"href":"https:\/\/rezekne.citro.lv\/ru\/wp-json\/wp\/v2\/media?parent=57937"}],"wp:term":[{"taxonomy":"product_cat","embeddable":true,"href":"https:\/\/rezekne.citro.lv\/ru\/wp-json\/wp\/v2\/product_cat?post=57937"},{"taxonomy":"product_tag","embeddable":true,"href":"https:\/\/rezekne.citro.lv\/ru\/wp-json\/wp\/v2\/product_tag?post=57937"}],"curies":[{"name":"wp","href":"https:\/\/api.w.org\/{rel}","templated":true}]}}