{"id":57944,"date":"2026-03-26T00:19:31","date_gmt":"2026-03-25T22:19:31","guid":{"rendered":"https:\/\/rezekne.citro.lv\/veikals\/dzeriens-mangali-vitafruit-aprikozu-jasminu-1-5l-pet\/"},"modified":"2026-04-11T06:03:31","modified_gmt":"2026-04-11T03:03:31","slug":"dzeriens-mangali-vitafruit-aprikozu-jasminu-1-5l-pet","status":"publish","type":"product","link":"https:\/\/rezekne.citro.lv\/ru\/product\/dzeriens-mangali-vitafruit-aprikozu-jasminu-1-5l-pet\/","title":{"rendered":"DZ\u0112RIENS MANGA\u013bI VITAFRUIT APRIKO\u017dU-JASM\u012aNU VIEGLI G\u0100Z.1.5L PET"},"content":{"rendered":"<p>Izcelsmes valsts: Latvija<\/p>\n","protected":false},"excerpt":{"rendered":"<p>0.73 \u20ac\/L<\/p>\n","protected":false},"featured_media":58041,"template":"","meta":{"_acf_changed":false,"inline_featured_image":false},"product_cat":[106,186],"product_tag":[],"acf":[],"aioseo_notices":[],"_links":{"self":[{"href":"https:\/\/rezekne.citro.lv\/ru\/wp-json\/wp\/v2\/product\/57944"}],"collection":[{"href":"https:\/\/rezekne.citro.lv\/ru\/wp-json\/wp\/v2\/product"}],"about":[{"href":"https:\/\/rezekne.citro.lv\/ru\/wp-json\/wp\/v2\/types\/product"}],"wp:featuredmedia":[{"embeddable":true,"href":"https:\/\/rezekne.citro.lv\/ru\/wp-json\/wp\/v2\/media\/58041"}],"wp:attachment":[{"href":"https:\/\/rezekne.citro.lv\/ru\/wp-json\/wp\/v2\/media?parent=57944"}],"wp:term":[{"taxonomy":"product_cat","embeddable":true,"href":"https:\/\/rezekne.citro.lv\/ru\/wp-json\/wp\/v2\/product_cat?post=57944"},{"taxonomy":"product_tag","embeddable":true,"href":"https:\/\/rezekne.citro.lv\/ru\/wp-json\/wp\/v2\/product_tag?post=57944"}],"curies":[{"name":"wp","href":"https:\/\/api.w.org\/{rel}","templated":true}]}}