{"id":57955,"date":"2026-04-23T00:30:24","date_gmt":"2026-04-22T21:30:24","guid":{"rendered":"https:\/\/rezekne.citro.lv\/veikals\/skinkis-kupinats-marinets-zemnieku-gaume-kg-kgs\/"},"modified":"2026-04-24T09:00:13","modified_gmt":"2026-04-24T06:00:13","slug":"skinkis-kupinats-marinets-zemnieku-gaume-kg-kgs","status":"publish","type":"product","link":"https:\/\/rezekne.citro.lv\/ru\/product\/skinkis-kupinats-marinets-zemnieku-gaume-kg-kgs\/","title":{"rendered":"\u0160\u0136I\u0145\u0136IS K\u016aPIN\u0100TS MARIN\u0112TS ZEMNIEKU GAUM\u0112 KG KGS"},"content":{"rendered":"<p>Izcelsmes valsts: Latvija<br \/>Ra\u017eot\u0101js Kurzemes Ga\u013csaimnieks uzglab\u0101\u0161anas temp.+2-+6C<\/p>\n","protected":false},"excerpt":{"rendered":"<p>9.59 \u20ac\/KG<\/p>\n","protected":false},"featured_media":58055,"template":"","meta":{"_acf_changed":false,"inline_featured_image":false},"product_cat":[135,178],"product_tag":[],"acf":[],"aioseo_notices":[],"_links":{"self":[{"href":"https:\/\/rezekne.citro.lv\/ru\/wp-json\/wp\/v2\/product\/57955"}],"collection":[{"href":"https:\/\/rezekne.citro.lv\/ru\/wp-json\/wp\/v2\/product"}],"about":[{"href":"https:\/\/rezekne.citro.lv\/ru\/wp-json\/wp\/v2\/types\/product"}],"wp:featuredmedia":[{"embeddable":true,"href":"https:\/\/rezekne.citro.lv\/ru\/wp-json\/wp\/v2\/media\/58055"}],"wp:attachment":[{"href":"https:\/\/rezekne.citro.lv\/ru\/wp-json\/wp\/v2\/media?parent=57955"}],"wp:term":[{"taxonomy":"product_cat","embeddable":true,"href":"https:\/\/rezekne.citro.lv\/ru\/wp-json\/wp\/v2\/product_cat?post=57955"},{"taxonomy":"product_tag","embeddable":true,"href":"https:\/\/rezekne.citro.lv\/ru\/wp-json\/wp\/v2\/product_tag?post=57955"}],"curies":[{"name":"wp","href":"https:\/\/api.w.org\/{rel}","templated":true}]}}