{"id":57980,"date":"2026-03-26T00:19:31","date_gmt":"2026-03-25T22:19:31","guid":{"rendered":"https:\/\/rezekne.citro.lv\/veikals\/svaigu-kapostu-salati-ar-dillem-400g\/"},"modified":"2026-03-26T00:19:36","modified_gmt":"2026-03-25T22:19:36","slug":"svaigu-kapostu-salati-ar-dillem-400g","status":"publish","type":"product","link":"https:\/\/rezekne.citro.lv\/ru\/product\/svaigu-kapostu-salati-ar-dillem-400g\/","title":{"rendered":"SVAIGU K\u0100POSTU SAL\u0100TI AR DILL\u0112M 400G"},"content":{"rendered":"<p>Izcelsmes valsts: Latvija<\/p>\n","protected":false},"excerpt":{"rendered":"<p>3.73 \u20ac\/KG<\/p>\n","protected":false},"featured_media":58066,"template":"","meta":{"_acf_changed":false,"inline_featured_image":false},"product_cat":[97,159],"product_tag":[],"acf":[],"aioseo_notices":[],"_links":{"self":[{"href":"https:\/\/rezekne.citro.lv\/ru\/wp-json\/wp\/v2\/product\/57980"}],"collection":[{"href":"https:\/\/rezekne.citro.lv\/ru\/wp-json\/wp\/v2\/product"}],"about":[{"href":"https:\/\/rezekne.citro.lv\/ru\/wp-json\/wp\/v2\/types\/product"}],"wp:featuredmedia":[{"embeddable":true,"href":"https:\/\/rezekne.citro.lv\/ru\/wp-json\/wp\/v2\/media\/58066"}],"wp:attachment":[{"href":"https:\/\/rezekne.citro.lv\/ru\/wp-json\/wp\/v2\/media?parent=57980"}],"wp:term":[{"taxonomy":"product_cat","embeddable":true,"href":"https:\/\/rezekne.citro.lv\/ru\/wp-json\/wp\/v2\/product_cat?post=57980"},{"taxonomy":"product_tag","embeddable":true,"href":"https:\/\/rezekne.citro.lv\/ru\/wp-json\/wp\/v2\/product_tag?post=57980"}],"curies":[{"name":"wp","href":"https:\/\/api.w.org\/{rel}","templated":true}]}}