{"id":57997,"date":"2025-06-19T02:02:41","date_gmt":"2025-06-18T23:02:41","guid":{"rendered":"https:\/\/rezekne.citro.lv\/veikals\/vafeles-batonins-ar-sokolades-garsas-krema-pild-un-lazdu-riekstu-gab-33g\/"},"modified":"2025-12-22T06:02:07","modified_gmt":"2025-12-22T04:02:07","slug":"vafeles-batonins-ar-sokolades-garsas-krema-pild-un-lazdu-riekstu-gab-33g","status":"publish","type":"product","link":"https:\/\/rezekne.citro.lv\/ru\/product\/vafeles-batonins-ar-sokolades-garsas-krema-pild-un-lazdu-riekstu-gab-33g\/","title":{"rendered":"VAFELES BATONI\u0145\u0160 AR \u0160OKOL\u0100DES GAR\u0160AS KR\u0112MA PILD. UN LAZDU RIEKSTU GAB.33G"},"content":{"rendered":"<p>Izcelsmes valsts: Polija<\/p>\n","protected":false},"excerpt":{"rendered":"<p>13.64 \u20ac\/KG<\/p>\n","protected":false},"featured_media":58080,"template":"","meta":{"_acf_changed":false,"inline_featured_image":false},"product_cat":[125,134],"product_tag":[],"acf":[],"aioseo_notices":[],"_links":{"self":[{"href":"https:\/\/rezekne.citro.lv\/ru\/wp-json\/wp\/v2\/product\/57997"}],"collection":[{"href":"https:\/\/rezekne.citro.lv\/ru\/wp-json\/wp\/v2\/product"}],"about":[{"href":"https:\/\/rezekne.citro.lv\/ru\/wp-json\/wp\/v2\/types\/product"}],"wp:featuredmedia":[{"embeddable":true,"href":"https:\/\/rezekne.citro.lv\/ru\/wp-json\/wp\/v2\/media\/58080"}],"wp:attachment":[{"href":"https:\/\/rezekne.citro.lv\/ru\/wp-json\/wp\/v2\/media?parent=57997"}],"wp:term":[{"taxonomy":"product_cat","embeddable":true,"href":"https:\/\/rezekne.citro.lv\/ru\/wp-json\/wp\/v2\/product_cat?post=57997"},{"taxonomy":"product_tag","embeddable":true,"href":"https:\/\/rezekne.citro.lv\/ru\/wp-json\/wp\/v2\/product_tag?post=57997"}],"curies":[{"name":"wp","href":"https:\/\/api.w.org\/{rel}","templated":true}]}}