{"id":58135,"date":"2026-01-02T00:17:42","date_gmt":"2026-01-01T22:17:42","guid":{"rendered":"https:\/\/rezekne.citro.lv\/veikals\/konfektes-verze-kg\/"},"modified":"2026-04-25T06:03:05","modified_gmt":"2026-04-25T03:03:05","slug":"konfektes-verze-kg","status":"publish","type":"product","link":"https:\/\/rezekne.citro.lv\/ru\/product\/konfektes-verze-kg\/","title":{"rendered":"KONFEKTES VER\u017dE KG"},"content":{"rendered":"<p>Izcelsmes valsts: Ukraina<br \/>Sast\u0101vda\u013cas:cukurs,konditorejas glaz\u016bra(cukurs,kakao sviesta aizst\u0101j\u0113js (rafin\u0113ti,dezodor\u0113ti augu tauki un e\u013c\u013cas dabisk\u0101 un sacietin\u0101t\u0101 veid\u0101). kakao pulveris,emulgators-sojas lecit\u012bns,aromatiz\u0113t\u0101js &#171;Vanil\u012bns&#187;),cietes s\u012brups,iebiezin\u0101ts produkts ar cukuru un augu taukiem (v\u0101jpiena pulveris,saus\u0101s s\u016bkalas,augu tauki,\u016bdens,cukurs,rafin\u0113ts smalkais piena cukurs),piena tauku aizst\u0101j\u0113js (rafin\u0113ti,dezodor\u0113ti augu tauki un e\u013c\u013cas dabisk\u0101 un sacietin\u0101t\u0101 veid\u0101,kr\u0101sviela-beta karot\u012bns,emulgatori:sojas lecit\u012bns,tauksk\u0101bju monoglicer\u012bdi un diglicer\u012bdi),aromatiz\u0113t\u0101js &#171;Kars\u0113ts piens&#187;. 100 g produkta uzturv\u0113rt\u012bba:tauki 9,1 g, olbaltumvielas 1,6 g, og\u013chidr\u0101ti 79,9 g. 100 g produkta ener\u0123\u0113tisk\u0101 v\u0113rt\u012bba: 1698,7 kJ\/406 kcal.<\/p>\n","protected":false},"excerpt":{"rendered":"<p>4.99 \u20ac\/KG<\/p>\n","protected":false},"featured_media":58152,"template":"","meta":{"_acf_changed":false,"inline_featured_image":false},"product_cat":[125,201],"product_tag":[],"acf":[],"aioseo_notices":[],"_links":{"self":[{"href":"https:\/\/rezekne.citro.lv\/ru\/wp-json\/wp\/v2\/product\/58135"}],"collection":[{"href":"https:\/\/rezekne.citro.lv\/ru\/wp-json\/wp\/v2\/product"}],"about":[{"href":"https:\/\/rezekne.citro.lv\/ru\/wp-json\/wp\/v2\/types\/product"}],"wp:featuredmedia":[{"embeddable":true,"href":"https:\/\/rezekne.citro.lv\/ru\/wp-json\/wp\/v2\/media\/58152"}],"wp:attachment":[{"href":"https:\/\/rezekne.citro.lv\/ru\/wp-json\/wp\/v2\/media?parent=58135"}],"wp:term":[{"taxonomy":"product_cat","embeddable":true,"href":"https:\/\/rezekne.citro.lv\/ru\/wp-json\/wp\/v2\/product_cat?post=58135"},{"taxonomy":"product_tag","embeddable":true,"href":"https:\/\/rezekne.citro.lv\/ru\/wp-json\/wp\/v2\/product_tag?post=58135"}],"curies":[{"name":"wp","href":"https:\/\/api.w.org\/{rel}","templated":true}]}}