{"id":58187,"date":"2024-08-29T09:59:13","date_gmt":"2024-08-29T06:59:13","guid":{"rendered":"https:\/\/rezekne.citro.lv\/veikals\/zekes-sieviesu-isas-35-38-black\/"},"modified":"2026-03-31T18:00:06","modified_gmt":"2026-03-31T15:00:06","slug":"zekes-sieviesu-isas-35-38-black","status":"publish","type":"product","link":"https:\/\/rezekne.citro.lv\/ru\/product\/zekes-sieviesu-isas-35-38-black\/","title":{"rendered":"ZE\u0136ES SIEVIE\u0160U \u012aS\u0100S 35-38 BLACK"},"content":{"rendered":"","protected":false},"excerpt":{"rendered":"","protected":false},"featured_media":0,"template":"","meta":{"_acf_changed":false,"inline_featured_image":false},"product_cat":[131,367],"product_tag":[],"acf":[],"aioseo_notices":[],"_links":{"self":[{"href":"https:\/\/rezekne.citro.lv\/ru\/wp-json\/wp\/v2\/product\/58187"}],"collection":[{"href":"https:\/\/rezekne.citro.lv\/ru\/wp-json\/wp\/v2\/product"}],"about":[{"href":"https:\/\/rezekne.citro.lv\/ru\/wp-json\/wp\/v2\/types\/product"}],"wp:attachment":[{"href":"https:\/\/rezekne.citro.lv\/ru\/wp-json\/wp\/v2\/media?parent=58187"}],"wp:term":[{"taxonomy":"product_cat","embeddable":true,"href":"https:\/\/rezekne.citro.lv\/ru\/wp-json\/wp\/v2\/product_cat?post=58187"},{"taxonomy":"product_tag","embeddable":true,"href":"https:\/\/rezekne.citro.lv\/ru\/wp-json\/wp\/v2\/product_tag?post=58187"}],"curies":[{"name":"wp","href":"https:\/\/api.w.org\/{rel}","templated":true}]}}