{"id":58193,"date":"2024-08-29T09:59:15","date_gmt":"2024-08-29T06:59:15","guid":{"rendered":"https:\/\/rezekne.citro.lv\/veikals\/zekes-isas-23-25-izm-favorite-beige\/"},"modified":"2026-05-12T06:01:03","modified_gmt":"2026-05-12T03:01:03","slug":"zekes-isas-23-25-izm-favorite-beige","status":"publish","type":"product","link":"https:\/\/rezekne.citro.lv\/ru\/product\/zekes-isas-23-25-izm-favorite-beige\/","title":{"rendered":"ZE\u0136ES \u012aS\u0100S 23-25 IZM. FAVORITE BEIGE"},"content":{"rendered":"","protected":false},"excerpt":{"rendered":"","protected":false},"featured_media":58371,"template":"","meta":{"_acf_changed":false,"inline_featured_image":false},"product_cat":[131,367],"product_tag":[],"acf":[],"aioseo_notices":[],"_links":{"self":[{"href":"https:\/\/rezekne.citro.lv\/ru\/wp-json\/wp\/v2\/product\/58193"}],"collection":[{"href":"https:\/\/rezekne.citro.lv\/ru\/wp-json\/wp\/v2\/product"}],"about":[{"href":"https:\/\/rezekne.citro.lv\/ru\/wp-json\/wp\/v2\/types\/product"}],"wp:featuredmedia":[{"embeddable":true,"href":"https:\/\/rezekne.citro.lv\/ru\/wp-json\/wp\/v2\/media\/58371"}],"wp:attachment":[{"href":"https:\/\/rezekne.citro.lv\/ru\/wp-json\/wp\/v2\/media?parent=58193"}],"wp:term":[{"taxonomy":"product_cat","embeddable":true,"href":"https:\/\/rezekne.citro.lv\/ru\/wp-json\/wp\/v2\/product_cat?post=58193"},{"taxonomy":"product_tag","embeddable":true,"href":"https:\/\/rezekne.citro.lv\/ru\/wp-json\/wp\/v2\/product_tag?post=58193"}],"curies":[{"name":"wp","href":"https:\/\/api.w.org\/{rel}","templated":true}]}}