{"id":58225,"date":"2025-08-14T00:32:52","date_gmt":"2025-08-13T21:32:52","guid":{"rendered":"https:\/\/rezekne.citro.lv\/veikals\/zekes-sieviesu-iszekes-favorite-2-pari\/"},"modified":"2026-05-10T06:01:19","modified_gmt":"2026-05-10T03:01:19","slug":"zekes-sieviesu-iszekes-favorite-2-pari","status":"publish","type":"product","link":"https:\/\/rezekne.citro.lv\/ru\/product\/zekes-sieviesu-iszekes-favorite-2-pari\/","title":{"rendered":"ZE\u0136ES SIEVIE\u0160U \u012aSZE\u0136ES FAVORITE 2 P\u0100RI"},"content":{"rendered":"","protected":false},"excerpt":{"rendered":"","protected":false},"featured_media":58700,"template":"","meta":{"_acf_changed":false,"inline_featured_image":false},"product_cat":[131,367],"product_tag":[],"acf":[],"aioseo_notices":[],"_links":{"self":[{"href":"https:\/\/rezekne.citro.lv\/ru\/wp-json\/wp\/v2\/product\/58225"}],"collection":[{"href":"https:\/\/rezekne.citro.lv\/ru\/wp-json\/wp\/v2\/product"}],"about":[{"href":"https:\/\/rezekne.citro.lv\/ru\/wp-json\/wp\/v2\/types\/product"}],"wp:featuredmedia":[{"embeddable":true,"href":"https:\/\/rezekne.citro.lv\/ru\/wp-json\/wp\/v2\/media\/58700"}],"wp:attachment":[{"href":"https:\/\/rezekne.citro.lv\/ru\/wp-json\/wp\/v2\/media?parent=58225"}],"wp:term":[{"taxonomy":"product_cat","embeddable":true,"href":"https:\/\/rezekne.citro.lv\/ru\/wp-json\/wp\/v2\/product_cat?post=58225"},{"taxonomy":"product_tag","embeddable":true,"href":"https:\/\/rezekne.citro.lv\/ru\/wp-json\/wp\/v2\/product_tag?post=58225"}],"curies":[{"name":"wp","href":"https:\/\/api.w.org\/{rel}","templated":true}]}}