{"id":58235,"date":"2024-08-29T09:59:31","date_gmt":"2024-08-29T06:59:31","guid":{"rendered":"https:\/\/rezekne.citro.lv\/veikals\/zekes-isas-23-25-izm-favorite-beige-2\/"},"modified":"2026-04-01T06:01:08","modified_gmt":"2026-04-01T03:01:08","slug":"zekes-isas-23-25-izm-favorite-beige-2","status":"publish","type":"product","link":"https:\/\/rezekne.citro.lv\/ru\/product\/zekes-isas-23-25-izm-favorite-beige-2\/","title":{"rendered":"ZE\u0136ES \u012aS\u0100S 23-25 IZM. FAVORITE BEIGE"},"content":{"rendered":"","protected":false},"excerpt":{"rendered":"","protected":false},"featured_media":58703,"template":"","meta":{"_acf_changed":false,"inline_featured_image":false},"product_cat":[131,367],"product_tag":[],"acf":[],"aioseo_notices":[],"_links":{"self":[{"href":"https:\/\/rezekne.citro.lv\/ru\/wp-json\/wp\/v2\/product\/58235"}],"collection":[{"href":"https:\/\/rezekne.citro.lv\/ru\/wp-json\/wp\/v2\/product"}],"about":[{"href":"https:\/\/rezekne.citro.lv\/ru\/wp-json\/wp\/v2\/types\/product"}],"wp:featuredmedia":[{"embeddable":true,"href":"https:\/\/rezekne.citro.lv\/ru\/wp-json\/wp\/v2\/media\/58703"}],"wp:attachment":[{"href":"https:\/\/rezekne.citro.lv\/ru\/wp-json\/wp\/v2\/media?parent=58235"}],"wp:term":[{"taxonomy":"product_cat","embeddable":true,"href":"https:\/\/rezekne.citro.lv\/ru\/wp-json\/wp\/v2\/product_cat?post=58235"},{"taxonomy":"product_tag","embeddable":true,"href":"https:\/\/rezekne.citro.lv\/ru\/wp-json\/wp\/v2\/product_tag?post=58235"}],"curies":[{"name":"wp","href":"https:\/\/api.w.org\/{rel}","templated":true}]}}