{"id":58247,"date":"2026-04-23T00:05:47","date_gmt":"2026-04-22T21:05:47","guid":{"rendered":"https:\/\/rezekne.citro.lv\/veikals\/zekes-viriesu-43-46-melnas-12158\/"},"modified":"2026-04-23T00:05:51","modified_gmt":"2026-04-22T21:05:51","slug":"zekes-viriesu-43-46-melnas-12158","status":"publish","type":"product","link":"https:\/\/rezekne.citro.lv\/ru\/product\/zekes-viriesu-43-46-melnas-12158\/","title":{"rendered":"ZE\u0136ES V\u012aRIE\u0160U 43-46 MELNAS 12158"},"content":{"rendered":"","protected":false},"excerpt":{"rendered":"","protected":false},"featured_media":58544,"template":"","meta":{"_acf_changed":false,"inline_featured_image":false},"product_cat":[131,367],"product_tag":[],"acf":[],"aioseo_notices":[],"_links":{"self":[{"href":"https:\/\/rezekne.citro.lv\/ru\/wp-json\/wp\/v2\/product\/58247"}],"collection":[{"href":"https:\/\/rezekne.citro.lv\/ru\/wp-json\/wp\/v2\/product"}],"about":[{"href":"https:\/\/rezekne.citro.lv\/ru\/wp-json\/wp\/v2\/types\/product"}],"wp:featuredmedia":[{"embeddable":true,"href":"https:\/\/rezekne.citro.lv\/ru\/wp-json\/wp\/v2\/media\/58544"}],"wp:attachment":[{"href":"https:\/\/rezekne.citro.lv\/ru\/wp-json\/wp\/v2\/media?parent=58247"}],"wp:term":[{"taxonomy":"product_cat","embeddable":true,"href":"https:\/\/rezekne.citro.lv\/ru\/wp-json\/wp\/v2\/product_cat?post=58247"},{"taxonomy":"product_tag","embeddable":true,"href":"https:\/\/rezekne.citro.lv\/ru\/wp-json\/wp\/v2\/product_tag?post=58247"}],"curies":[{"name":"wp","href":"https:\/\/api.w.org\/{rel}","templated":true}]}}