{"id":58250,"date":"2024-08-29T09:59:37","date_gmt":"2024-08-29T06:59:37","guid":{"rendered":"https:\/\/rezekne.citro.lv\/veikals\/zekes-isas-23-25-izm-favorite-melnas\/"},"modified":"2026-04-16T06:01:20","modified_gmt":"2026-04-16T03:01:20","slug":"zekes-isas-23-25-izm-favorite-melnas","status":"publish","type":"product","link":"https:\/\/rezekne.citro.lv\/ru\/product\/zekes-isas-23-25-izm-favorite-melnas\/","title":{"rendered":"ZE\u0136ES \u012aS\u0100S 23-25 IZM. FAVORITE MELNAS"},"content":{"rendered":"","protected":false},"excerpt":{"rendered":"","protected":false},"featured_media":61181,"template":"","meta":{"_acf_changed":false,"inline_featured_image":false},"product_cat":[131,367],"product_tag":[],"acf":[],"aioseo_notices":[],"_links":{"self":[{"href":"https:\/\/rezekne.citro.lv\/ru\/wp-json\/wp\/v2\/product\/58250"}],"collection":[{"href":"https:\/\/rezekne.citro.lv\/ru\/wp-json\/wp\/v2\/product"}],"about":[{"href":"https:\/\/rezekne.citro.lv\/ru\/wp-json\/wp\/v2\/types\/product"}],"wp:featuredmedia":[{"embeddable":true,"href":"https:\/\/rezekne.citro.lv\/ru\/wp-json\/wp\/v2\/media\/61181"}],"wp:attachment":[{"href":"https:\/\/rezekne.citro.lv\/ru\/wp-json\/wp\/v2\/media?parent=58250"}],"wp:term":[{"taxonomy":"product_cat","embeddable":true,"href":"https:\/\/rezekne.citro.lv\/ru\/wp-json\/wp\/v2\/product_cat?post=58250"},{"taxonomy":"product_tag","embeddable":true,"href":"https:\/\/rezekne.citro.lv\/ru\/wp-json\/wp\/v2\/product_tag?post=58250"}],"curies":[{"name":"wp","href":"https:\/\/api.w.org\/{rel}","templated":true}]}}