{"id":58271,"date":"2024-08-29T10:00:50","date_gmt":"2024-08-29T07:00:50","guid":{"rendered":"https:\/\/rezekne.citro.lv\/veikals\/zekes-isas-27-29-izm-favorite-beige-2\/"},"modified":"2026-03-30T06:02:49","modified_gmt":"2026-03-30T03:02:49","slug":"zekes-isas-27-29-izm-favorite-beige-2","status":"publish","type":"product","link":"https:\/\/rezekne.citro.lv\/ru\/product\/zekes-isas-27-29-izm-favorite-beige-2\/","title":{"rendered":"ZE\u0136ES \u012aS\u0100S 27-29 IZM. FAVORITE BEIGE"},"content":{"rendered":"","protected":false},"excerpt":{"rendered":"","protected":false},"featured_media":58707,"template":"","meta":{"_acf_changed":false,"inline_featured_image":false},"product_cat":[131,367],"product_tag":[],"acf":[],"aioseo_notices":[],"_links":{"self":[{"href":"https:\/\/rezekne.citro.lv\/ru\/wp-json\/wp\/v2\/product\/58271"}],"collection":[{"href":"https:\/\/rezekne.citro.lv\/ru\/wp-json\/wp\/v2\/product"}],"about":[{"href":"https:\/\/rezekne.citro.lv\/ru\/wp-json\/wp\/v2\/types\/product"}],"wp:featuredmedia":[{"embeddable":true,"href":"https:\/\/rezekne.citro.lv\/ru\/wp-json\/wp\/v2\/media\/58707"}],"wp:attachment":[{"href":"https:\/\/rezekne.citro.lv\/ru\/wp-json\/wp\/v2\/media?parent=58271"}],"wp:term":[{"taxonomy":"product_cat","embeddable":true,"href":"https:\/\/rezekne.citro.lv\/ru\/wp-json\/wp\/v2\/product_cat?post=58271"},{"taxonomy":"product_tag","embeddable":true,"href":"https:\/\/rezekne.citro.lv\/ru\/wp-json\/wp\/v2\/product_tag?post=58271"}],"curies":[{"name":"wp","href":"https:\/\/api.w.org\/{rel}","templated":true}]}}