{"id":58309,"date":"2025-03-27T00:45:57","date_gmt":"2025-03-26T22:45:57","guid":{"rendered":"https:\/\/rezekne.citro.lv\/veikals\/karamele-burvju-sala-asorti-kg\/"},"modified":"2026-04-23T06:01:14","modified_gmt":"2026-04-23T03:01:14","slug":"karamele-burvju-sala-asorti-kg","status":"publish","type":"product","link":"https:\/\/rezekne.citro.lv\/ru\/product\/karamele-burvju-sala-asorti-kg\/","title":{"rendered":"KARAMELE BURVJU SALA ASORTI KG"},"content":{"rendered":"<p>Izcelsmes valsts: Ukraina<br \/>Sast\u0101vs:baltais kristaliskais cukurs,cietes s\u012brups.\u0101bolu biezenis,sk\u0101b.reg.:p\u0101rtikascitronsk\u0101be,monohidr\u0101ts un p\u0101rtikas piensk\u0101be,arom.,,CITRONS,,&#187;ZEMENE&#187;,&#187;\u0136IRSIS&#187;,APELS\u012aNS&#187;.Satur kr\u0101svielu(E102.E110),kura var negat\u012bvi ietekm\u0113t b\u0113rnu altiv.un uzman\u012bbu.<\/p>\n","protected":false},"excerpt":{"rendered":"<p>5.59 \u20ac\/KG<\/p>\n","protected":false},"featured_media":63853,"template":"","meta":{"_acf_changed":false,"inline_featured_image":false},"product_cat":[125,201],"product_tag":[],"acf":[],"aioseo_notices":[],"_links":{"self":[{"href":"https:\/\/rezekne.citro.lv\/ru\/wp-json\/wp\/v2\/product\/58309"}],"collection":[{"href":"https:\/\/rezekne.citro.lv\/ru\/wp-json\/wp\/v2\/product"}],"about":[{"href":"https:\/\/rezekne.citro.lv\/ru\/wp-json\/wp\/v2\/types\/product"}],"wp:featuredmedia":[{"embeddable":true,"href":"https:\/\/rezekne.citro.lv\/ru\/wp-json\/wp\/v2\/media\/63853"}],"wp:attachment":[{"href":"https:\/\/rezekne.citro.lv\/ru\/wp-json\/wp\/v2\/media?parent=58309"}],"wp:term":[{"taxonomy":"product_cat","embeddable":true,"href":"https:\/\/rezekne.citro.lv\/ru\/wp-json\/wp\/v2\/product_cat?post=58309"},{"taxonomy":"product_tag","embeddable":true,"href":"https:\/\/rezekne.citro.lv\/ru\/wp-json\/wp\/v2\/product_tag?post=58309"}],"curies":[{"name":"wp","href":"https:\/\/api.w.org\/{rel}","templated":true}]}}