{"id":58316,"date":"2026-04-23T00:05:47","date_gmt":"2026-04-22T21:05:47","guid":{"rendered":"https:\/\/rezekne.citro.lv\/veikals\/snukurini-iskylos-uzkanda-karsti-kupinati-170g-baltugn\/"},"modified":"2026-04-23T00:05:53","modified_gmt":"2026-04-22T21:05:53","slug":"snukurini-iskylos-uzkanda-karsti-kupinati-170g","status":"publish","type":"product","link":"https:\/\/rezekne.citro.lv\/ru\/product\/snukurini-iskylos-uzkanda-karsti-kupinati-170g\/","title":{"rendered":"\u0160\u0145UKURI\u0145I I\u0160KYLOS U\u017dKANDA KARSTI K\u016aPIN\u0100TI 170G"},"content":{"rendered":"<p>Izcelsmes valsts: Lietuva<\/p>\n","protected":false},"excerpt":{"rendered":"<p>11.71 \u20ac\/KG<\/p>\n","protected":false},"featured_media":58387,"template":"","meta":{"_acf_changed":false,"inline_featured_image":false},"product_cat":[135,174],"product_tag":[],"acf":[],"aioseo_notices":[],"_links":{"self":[{"href":"https:\/\/rezekne.citro.lv\/ru\/wp-json\/wp\/v2\/product\/58316"}],"collection":[{"href":"https:\/\/rezekne.citro.lv\/ru\/wp-json\/wp\/v2\/product"}],"about":[{"href":"https:\/\/rezekne.citro.lv\/ru\/wp-json\/wp\/v2\/types\/product"}],"wp:featuredmedia":[{"embeddable":true,"href":"https:\/\/rezekne.citro.lv\/ru\/wp-json\/wp\/v2\/media\/58387"}],"wp:attachment":[{"href":"https:\/\/rezekne.citro.lv\/ru\/wp-json\/wp\/v2\/media?parent=58316"}],"wp:term":[{"taxonomy":"product_cat","embeddable":true,"href":"https:\/\/rezekne.citro.lv\/ru\/wp-json\/wp\/v2\/product_cat?post=58316"},{"taxonomy":"product_tag","embeddable":true,"href":"https:\/\/rezekne.citro.lv\/ru\/wp-json\/wp\/v2\/product_tag?post=58316"}],"curies":[{"name":"wp","href":"https:\/\/api.w.org\/{rel}","templated":true}]}}