{"id":58329,"date":"2026-03-26T00:06:01","date_gmt":"2026-03-25T22:06:01","guid":{"rendered":"https:\/\/rezekne.citro.lv\/veikals\/gala-sencu-marineta-kg-kgs\/"},"modified":"2026-04-14T06:01:13","modified_gmt":"2026-04-14T03:01:13","slug":"gala-sencu-marineta-kg-kgs","status":"publish","type":"product","link":"https:\/\/rezekne.citro.lv\/ru\/product\/gala-sencu-marineta-kg-kgs\/","title":{"rendered":"GA\u013bA SEN\u010cU MARIN\u0112TA KG KGS"},"content":{"rendered":"<p>Izcelsmes valsts: Latvija<\/p>\n","protected":false},"excerpt":{"rendered":"<p>9.99 \u20ac\/KG<\/p>\n","protected":false},"featured_media":58519,"template":"","meta":{"_acf_changed":false,"inline_featured_image":false},"product_cat":[135,174],"product_tag":[],"acf":[],"aioseo_notices":[],"_links":{"self":[{"href":"https:\/\/rezekne.citro.lv\/ru\/wp-json\/wp\/v2\/product\/58329"}],"collection":[{"href":"https:\/\/rezekne.citro.lv\/ru\/wp-json\/wp\/v2\/product"}],"about":[{"href":"https:\/\/rezekne.citro.lv\/ru\/wp-json\/wp\/v2\/types\/product"}],"wp:featuredmedia":[{"embeddable":true,"href":"https:\/\/rezekne.citro.lv\/ru\/wp-json\/wp\/v2\/media\/58519"}],"wp:attachment":[{"href":"https:\/\/rezekne.citro.lv\/ru\/wp-json\/wp\/v2\/media?parent=58329"}],"wp:term":[{"taxonomy":"product_cat","embeddable":true,"href":"https:\/\/rezekne.citro.lv\/ru\/wp-json\/wp\/v2\/product_cat?post=58329"},{"taxonomy":"product_tag","embeddable":true,"href":"https:\/\/rezekne.citro.lv\/ru\/wp-json\/wp\/v2\/product_tag?post=58329"}],"curies":[{"name":"wp","href":"https:\/\/api.w.org\/{rel}","templated":true}]}}