{"id":58339,"date":"2025-06-19T00:45:39","date_gmt":"2025-06-18T21:45:39","guid":{"rendered":"https:\/\/rezekne.citro.lv\/veikals\/cuku-ausis-karsti-kupinatas-lauku-170g\/"},"modified":"2026-04-15T09:00:06","modified_gmt":"2026-04-15T06:00:06","slug":"cuku-ausis-karsti-kupinatas-lauku-170g","status":"publish","type":"product","link":"https:\/\/rezekne.citro.lv\/ru\/product\/cuku-ausis-karsti-kupinatas-lauku-170g\/","title":{"rendered":"C\u016aKU AUSIS KARSTI K\u016aPIN\u0100TAS LAUKU 170G"},"content":{"rendered":"<p>Izcelsmes valsts: Lietuva<\/p>\n","protected":false},"excerpt":{"rendered":"<p>17.00 \u20ac\/KG<\/p>\n","protected":false},"featured_media":58376,"template":"","meta":{"_acf_changed":false,"inline_featured_image":false},"product_cat":[135,174],"product_tag":[],"acf":[],"aioseo_notices":[],"_links":{"self":[{"href":"https:\/\/rezekne.citro.lv\/ru\/wp-json\/wp\/v2\/product\/58339"}],"collection":[{"href":"https:\/\/rezekne.citro.lv\/ru\/wp-json\/wp\/v2\/product"}],"about":[{"href":"https:\/\/rezekne.citro.lv\/ru\/wp-json\/wp\/v2\/types\/product"}],"wp:featuredmedia":[{"embeddable":true,"href":"https:\/\/rezekne.citro.lv\/ru\/wp-json\/wp\/v2\/media\/58376"}],"wp:attachment":[{"href":"https:\/\/rezekne.citro.lv\/ru\/wp-json\/wp\/v2\/media?parent=58339"}],"wp:term":[{"taxonomy":"product_cat","embeddable":true,"href":"https:\/\/rezekne.citro.lv\/ru\/wp-json\/wp\/v2\/product_cat?post=58339"},{"taxonomy":"product_tag","embeddable":true,"href":"https:\/\/rezekne.citro.lv\/ru\/wp-json\/wp\/v2\/product_tag?post=58339"}],"curies":[{"name":"wp","href":"https:\/\/api.w.org\/{rel}","templated":true}]}}