{"id":58344,"date":"2024-08-27T11:05:48","date_gmt":"2024-08-27T08:05:48","guid":{"rendered":"https:\/\/rezekne.citro.lv\/veikals\/cepamdesinas-puszavetas-ar-mocarella-sieru-490g-rgk\/"},"modified":"2025-06-23T06:57:48","modified_gmt":"2025-06-23T03:57:48","slug":"cepamdesinas-puszavetas-ar-mocarella-sieru-490g-rgk","status":"publish","type":"product","link":"https:\/\/rezekne.citro.lv\/ru\/product\/cepamdesinas-puszavetas-ar-mocarella-sieru-490g-rgk\/","title":{"rendered":"CEPAMDESI\u0145AS PUS\u017d\u0100V\u0112TAS AR MOCARELLA SIERU 490G RGK"},"content":{"rendered":"<p>Izcelsmes valsts: Latvija<\/p>\n","protected":false},"excerpt":{"rendered":"<p>8.76 \u20ac\/KG<\/p>\n","protected":false},"featured_media":58373,"template":"","meta":{"_acf_changed":false,"inline_featured_image":false},"product_cat":[135,177],"product_tag":[],"acf":[],"aioseo_notices":[],"_links":{"self":[{"href":"https:\/\/rezekne.citro.lv\/ru\/wp-json\/wp\/v2\/product\/58344"}],"collection":[{"href":"https:\/\/rezekne.citro.lv\/ru\/wp-json\/wp\/v2\/product"}],"about":[{"href":"https:\/\/rezekne.citro.lv\/ru\/wp-json\/wp\/v2\/types\/product"}],"wp:featuredmedia":[{"embeddable":true,"href":"https:\/\/rezekne.citro.lv\/ru\/wp-json\/wp\/v2\/media\/58373"}],"wp:attachment":[{"href":"https:\/\/rezekne.citro.lv\/ru\/wp-json\/wp\/v2\/media?parent=58344"}],"wp:term":[{"taxonomy":"product_cat","embeddable":true,"href":"https:\/\/rezekne.citro.lv\/ru\/wp-json\/wp\/v2\/product_cat?post=58344"},{"taxonomy":"product_tag","embeddable":true,"href":"https:\/\/rezekne.citro.lv\/ru\/wp-json\/wp\/v2\/product_tag?post=58344"}],"curies":[{"name":"wp","href":"https:\/\/api.w.org\/{rel}","templated":true}]}}