{"id":58402,"date":"2026-03-26T00:05:54","date_gmt":"2026-03-25T22:05:54","guid":{"rendered":"https:\/\/rezekne.citro.lv\/veikals\/saulespuku-seklas-ar-sali-big-stripainas-grauzdetas-150g\/"},"modified":"2026-04-12T06:01:20","modified_gmt":"2026-04-12T03:01:20","slug":"saulespuku-seklas-ar-sali-big-stripainas-grauzdetas-150g","status":"publish","type":"product","link":"https:\/\/rezekne.citro.lv\/ru\/product\/saulespuku-seklas-ar-sali-big-stripainas-grauzdetas-150g\/","title":{"rendered":"SAULESPU\u0136U S\u0112KLAS AR S\u0100LI BIG STR\u012aPAINAS GRAUZD\u0112TAS 150G"},"content":{"rendered":"<p>Izcelsmes valsts: Ukraina<\/p>\n","protected":false},"excerpt":{"rendered":"<p>9.93 \u20ac\/KG<\/p>\n","protected":false},"featured_media":58504,"template":"","meta":{"_acf_changed":false,"inline_featured_image":false},"product_cat":[125,197],"product_tag":[],"acf":[],"aioseo_notices":[],"_links":{"self":[{"href":"https:\/\/rezekne.citro.lv\/ru\/wp-json\/wp\/v2\/product\/58402"}],"collection":[{"href":"https:\/\/rezekne.citro.lv\/ru\/wp-json\/wp\/v2\/product"}],"about":[{"href":"https:\/\/rezekne.citro.lv\/ru\/wp-json\/wp\/v2\/types\/product"}],"wp:featuredmedia":[{"embeddable":true,"href":"https:\/\/rezekne.citro.lv\/ru\/wp-json\/wp\/v2\/media\/58504"}],"wp:attachment":[{"href":"https:\/\/rezekne.citro.lv\/ru\/wp-json\/wp\/v2\/media?parent=58402"}],"wp:term":[{"taxonomy":"product_cat","embeddable":true,"href":"https:\/\/rezekne.citro.lv\/ru\/wp-json\/wp\/v2\/product_cat?post=58402"},{"taxonomy":"product_tag","embeddable":true,"href":"https:\/\/rezekne.citro.lv\/ru\/wp-json\/wp\/v2\/product_tag?post=58402"}],"curies":[{"name":"wp","href":"https:\/\/api.w.org\/{rel}","templated":true}]}}