{"id":58404,"date":"2026-03-26T00:05:54","date_gmt":"2026-03-25T22:05:54","guid":{"rendered":"https:\/\/rezekne.citro.lv\/?post_type=product&#038;p=58404"},"modified":"2026-04-26T06:01:22","modified_gmt":"2026-04-26T03:01:22","slug":"saulespuku-seklas-ar-loku-un-krejuma-garsu-big-stripainas-grauzdetas-150g","status":"publish","type":"product","link":"https:\/\/rezekne.citro.lv\/ru\/product\/saulespuku-seklas-ar-loku-un-krejuma-garsu-big-stripainas-grauzdetas-150g\/","title":{"rendered":"SAULESPU\u0136U S\u0112KLAS AR LOKU UN KR\u0112JUMA GAR\u0160U BIG STR\u012aPAINAS GRAUZD\u0112TAS 150G"},"content":{"rendered":"<p>Izcelsmes valsts: Ukraina<\/p>\n","protected":false},"excerpt":{"rendered":"<p>10.60 \u20ac\/KG<\/p>\n","protected":false},"featured_media":58534,"template":"","meta":{"_acf_changed":false,"inline_featured_image":false},"product_cat":[125,197],"product_tag":[],"acf":[],"aioseo_notices":[],"_links":{"self":[{"href":"https:\/\/rezekne.citro.lv\/ru\/wp-json\/wp\/v2\/product\/58404"}],"collection":[{"href":"https:\/\/rezekne.citro.lv\/ru\/wp-json\/wp\/v2\/product"}],"about":[{"href":"https:\/\/rezekne.citro.lv\/ru\/wp-json\/wp\/v2\/types\/product"}],"wp:featuredmedia":[{"embeddable":true,"href":"https:\/\/rezekne.citro.lv\/ru\/wp-json\/wp\/v2\/media\/58534"}],"wp:attachment":[{"href":"https:\/\/rezekne.citro.lv\/ru\/wp-json\/wp\/v2\/media?parent=58404"}],"wp:term":[{"taxonomy":"product_cat","embeddable":true,"href":"https:\/\/rezekne.citro.lv\/ru\/wp-json\/wp\/v2\/product_cat?post=58404"},{"taxonomy":"product_tag","embeddable":true,"href":"https:\/\/rezekne.citro.lv\/ru\/wp-json\/wp\/v2\/product_tag?post=58404"}],"curies":[{"name":"wp","href":"https:\/\/api.w.org\/{rel}","templated":true}]}}