{"id":58411,"date":"2026-03-26T00:05:54","date_gmt":"2026-03-25T22:05:54","guid":{"rendered":"https:\/\/rezekne.citro.lv\/veikals\/maisijums-gudrie-graudi-perlu-grubulinseklusaule-kaltetu-tomatu-4x90g\/"},"modified":"2026-04-20T06:01:17","modified_gmt":"2026-04-20T03:01:17","slug":"maisijums-gudrie-graudi-perlu-grubulinseklusaule-kaltetu-tomatu-4x90g","status":"publish","type":"product","link":"https:\/\/rezekne.citro.lv\/ru\/product\/maisijums-gudrie-graudi-perlu-grubulinseklusaule-kaltetu-tomatu-4x90g\/","title":{"rendered":"MAIS\u012aJUMS GUDRIE GRAUDI P\u0112R\u013bU GR\u016aBU,LINS\u0112KLU,SAUL\u0112 KALT\u0112TU TOM\u0100TU 4X90G"},"content":{"rendered":"<p>Izcelsmes valsts: Latvija<\/p>\n","protected":false},"excerpt":{"rendered":"<p>7.75 \u20ac\/KG<\/p>\n","protected":false},"featured_media":58509,"template":"","meta":{"_acf_changed":false,"inline_featured_image":false},"product_cat":[118,121],"product_tag":[],"acf":[],"aioseo_notices":[],"_links":{"self":[{"href":"https:\/\/rezekne.citro.lv\/ru\/wp-json\/wp\/v2\/product\/58411"}],"collection":[{"href":"https:\/\/rezekne.citro.lv\/ru\/wp-json\/wp\/v2\/product"}],"about":[{"href":"https:\/\/rezekne.citro.lv\/ru\/wp-json\/wp\/v2\/types\/product"}],"wp:featuredmedia":[{"embeddable":true,"href":"https:\/\/rezekne.citro.lv\/ru\/wp-json\/wp\/v2\/media\/58509"}],"wp:attachment":[{"href":"https:\/\/rezekne.citro.lv\/ru\/wp-json\/wp\/v2\/media?parent=58411"}],"wp:term":[{"taxonomy":"product_cat","embeddable":true,"href":"https:\/\/rezekne.citro.lv\/ru\/wp-json\/wp\/v2\/product_cat?post=58411"},{"taxonomy":"product_tag","embeddable":true,"href":"https:\/\/rezekne.citro.lv\/ru\/wp-json\/wp\/v2\/product_tag?post=58411"}],"curies":[{"name":"wp","href":"https:\/\/api.w.org\/{rel}","templated":true}]}}