{"id":58416,"date":"2025-09-11T01:47:19","date_gmt":"2025-09-10T22:47:19","guid":{"rendered":"https:\/\/rezekne.citro.lv\/veikals\/gurkisi-mazsaliti-900g\/"},"modified":"2025-09-11T01:47:21","modified_gmt":"2025-09-10T22:47:21","slug":"gurkisi-mazsaliti-900g","status":"publish","type":"product","link":"https:\/\/rezekne.citro.lv\/ru\/product\/gurkisi-mazsaliti-900g\/","title":{"rendered":"GUR\u0136\u012a\u0160I MAZS\u0100L\u012aTI 900G"},"content":{"rendered":"<p>Izcelsmes valsts: Latvija<\/p>\n","protected":false},"excerpt":{"rendered":"<p>3.77 \u20ac\/KG<\/p>\n","protected":false},"featured_media":58530,"template":"","meta":{"_acf_changed":false,"inline_featured_image":false},"product_cat":[97,159],"product_tag":[],"acf":[],"aioseo_notices":[],"_links":{"self":[{"href":"https:\/\/rezekne.citro.lv\/ru\/wp-json\/wp\/v2\/product\/58416"}],"collection":[{"href":"https:\/\/rezekne.citro.lv\/ru\/wp-json\/wp\/v2\/product"}],"about":[{"href":"https:\/\/rezekne.citro.lv\/ru\/wp-json\/wp\/v2\/types\/product"}],"wp:featuredmedia":[{"embeddable":true,"href":"https:\/\/rezekne.citro.lv\/ru\/wp-json\/wp\/v2\/media\/58530"}],"wp:attachment":[{"href":"https:\/\/rezekne.citro.lv\/ru\/wp-json\/wp\/v2\/media?parent=58416"}],"wp:term":[{"taxonomy":"product_cat","embeddable":true,"href":"https:\/\/rezekne.citro.lv\/ru\/wp-json\/wp\/v2\/product_cat?post=58416"},{"taxonomy":"product_tag","embeddable":true,"href":"https:\/\/rezekne.citro.lv\/ru\/wp-json\/wp\/v2\/product_tag?post=58416"}],"curies":[{"name":"wp","href":"https:\/\/api.w.org\/{rel}","templated":true}]}}