{"id":58419,"date":"2026-04-23T00:30:31","date_gmt":"2026-04-22T21:30:31","guid":{"rendered":"https:\/\/rezekne.citro.lv\/veikals\/maisijums-gudrie-graudi-perlu-grubusarkano-lecusarkanas-kvinojas-4x90g\/"},"modified":"2026-05-12T06:02:47","modified_gmt":"2026-05-12T03:02:47","slug":"maisijums-gudrie-graudi-perlu-grubusarkano-lecusarkanas-kvinojas-4x90g","status":"publish","type":"product","link":"https:\/\/rezekne.citro.lv\/ru\/product\/maisijums-gudrie-graudi-perlu-grubusarkano-lecusarkanas-kvinojas-4x90g\/","title":{"rendered":"MAIS\u012aJUMS GUDRIE GRAUDI P\u0112R\u013bU GR\u016aBU,SARKANO L\u0112CU,SARKAN\u0100S KVINOJAS 4X90G"},"content":{"rendered":"<p>Izcelsmes valsts: Latvija<\/p>\n","protected":false},"excerpt":{"rendered":"<p>6.64 \u20ac\/KG<\/p>\n","protected":false},"featured_media":58532,"template":"","meta":{"_acf_changed":false,"inline_featured_image":false},"product_cat":[118,121],"product_tag":[],"acf":[],"aioseo_notices":[],"_links":{"self":[{"href":"https:\/\/rezekne.citro.lv\/ru\/wp-json\/wp\/v2\/product\/58419"}],"collection":[{"href":"https:\/\/rezekne.citro.lv\/ru\/wp-json\/wp\/v2\/product"}],"about":[{"href":"https:\/\/rezekne.citro.lv\/ru\/wp-json\/wp\/v2\/types\/product"}],"wp:featuredmedia":[{"embeddable":true,"href":"https:\/\/rezekne.citro.lv\/ru\/wp-json\/wp\/v2\/media\/58532"}],"wp:attachment":[{"href":"https:\/\/rezekne.citro.lv\/ru\/wp-json\/wp\/v2\/media?parent=58419"}],"wp:term":[{"taxonomy":"product_cat","embeddable":true,"href":"https:\/\/rezekne.citro.lv\/ru\/wp-json\/wp\/v2\/product_cat?post=58419"},{"taxonomy":"product_tag","embeddable":true,"href":"https:\/\/rezekne.citro.lv\/ru\/wp-json\/wp\/v2\/product_tag?post=58419"}],"curies":[{"name":"wp","href":"https:\/\/api.w.org\/{rel}","templated":true}]}}