{"id":58439,"date":"2024-08-27T11:06:04","date_gmt":"2024-08-27T08:06:04","guid":{"rendered":"https:\/\/rezekne.citro.lv\/veikals\/karamele-vkusja-citron-kg\/"},"modified":"2026-05-07T06:02:58","modified_gmt":"2026-05-07T03:02:58","slug":"karamele-vkusja-citron-kg","status":"publish","type":"product","link":"https:\/\/rezekne.citro.lv\/ru\/product\/karamele-vkusja-citron-kg\/","title":{"rendered":"KARAMELE VKUSJA CITRON KG"},"content":{"rendered":"<p>Izcelsmes valsts: Ukraina<br \/> Sast\u0101vs:cukurs,cietes s\u012brups,\u0101bolu biezenis,citrusaug\u013cu biezenis, sk\u0101buma regulet\u0101ji-citronsk\u0101be,piensk\u0101be;kakao pulveris,aromatiz\u0113t\u0101js,,Citrons&#187;,kr\u0101sviela E100.<\/p>\n","protected":false},"excerpt":{"rendered":"<p>3.99 \u20ac\/KG<\/p>\n","protected":false},"featured_media":64854,"template":"","meta":{"_acf_changed":false,"inline_featured_image":false},"product_cat":[125,201],"product_tag":[],"acf":[],"aioseo_notices":[],"_links":{"self":[{"href":"https:\/\/rezekne.citro.lv\/ru\/wp-json\/wp\/v2\/product\/58439"}],"collection":[{"href":"https:\/\/rezekne.citro.lv\/ru\/wp-json\/wp\/v2\/product"}],"about":[{"href":"https:\/\/rezekne.citro.lv\/ru\/wp-json\/wp\/v2\/types\/product"}],"wp:featuredmedia":[{"embeddable":true,"href":"https:\/\/rezekne.citro.lv\/ru\/wp-json\/wp\/v2\/media\/64854"}],"wp:attachment":[{"href":"https:\/\/rezekne.citro.lv\/ru\/wp-json\/wp\/v2\/media?parent=58439"}],"wp:term":[{"taxonomy":"product_cat","embeddable":true,"href":"https:\/\/rezekne.citro.lv\/ru\/wp-json\/wp\/v2\/product_cat?post=58439"},{"taxonomy":"product_tag","embeddable":true,"href":"https:\/\/rezekne.citro.lv\/ru\/wp-json\/wp\/v2\/product_tag?post=58439"}],"curies":[{"name":"wp","href":"https:\/\/api.w.org\/{rel}","templated":true}]}}