{"id":58482,"date":"2026-04-23T00:30:31","date_gmt":"2026-04-22T21:30:31","guid":{"rendered":"https:\/\/rezekne.citro.lv\/veikals\/virtuves-dvieli-zewa-classic-2-rulli\/"},"modified":"2026-05-09T06:03:43","modified_gmt":"2026-05-09T03:03:43","slug":"virtuves-dvieli-zewa-classic-2-rulli","status":"publish","type":"product","link":"https:\/\/rezekne.citro.lv\/ru\/product\/virtuves-dvieli-zewa-classic-2-rulli\/","title":{"rendered":"VIRTUVES DVIE\u013bI ZEWA CLASSIC 2 RU\u013b\u013bI"},"content":{"rendered":"","protected":false},"excerpt":{"rendered":"","protected":false},"featured_media":58539,"template":"","meta":{"_acf_changed":false,"inline_featured_image":false},"product_cat":[131,163],"product_tag":[],"acf":[],"aioseo_notices":[],"_links":{"self":[{"href":"https:\/\/rezekne.citro.lv\/ru\/wp-json\/wp\/v2\/product\/58482"}],"collection":[{"href":"https:\/\/rezekne.citro.lv\/ru\/wp-json\/wp\/v2\/product"}],"about":[{"href":"https:\/\/rezekne.citro.lv\/ru\/wp-json\/wp\/v2\/types\/product"}],"wp:featuredmedia":[{"embeddable":true,"href":"https:\/\/rezekne.citro.lv\/ru\/wp-json\/wp\/v2\/media\/58539"}],"wp:attachment":[{"href":"https:\/\/rezekne.citro.lv\/ru\/wp-json\/wp\/v2\/media?parent=58482"}],"wp:term":[{"taxonomy":"product_cat","embeddable":true,"href":"https:\/\/rezekne.citro.lv\/ru\/wp-json\/wp\/v2\/product_cat?post=58482"},{"taxonomy":"product_tag","embeddable":true,"href":"https:\/\/rezekne.citro.lv\/ru\/wp-json\/wp\/v2\/product_tag?post=58482"}],"curies":[{"name":"wp","href":"https:\/\/api.w.org\/{rel}","templated":true}]}}